{"id":3984,"date":"2014-01-21T18:27:17","date_gmt":"2014-01-21T17:27:17","guid":{"rendered":"http:\/\/ws.ma\/sites\/harguil\/liens-utiles-2\/"},"modified":"2015-12-02T18:40:45","modified_gmt":"2015-12-02T17:40:45","slug":"liens-utiles-ar","status":"publish","type":"page","link":"https:\/\/laboratoire-harguil.com\/ar\/liens-utiles-ar\/","title":{"rendered":"\u0645\u0648\u0627\u0642\u0639 \u0645\u0641\u064a\u062f\u0629"},"content":{"rendered":"<div class=\"page-liens-utiles\">\n<div class=\"section-container tabs\" data-section=\"tabs\">\n\t\t\t<section class=\"section\">\n\t\t\t\t<p class=\"title\"><a href=\"#\">\u0645\u0648\u0627\u0642\u0639 \u0627\u0644\u0645\u0624\u0633\u0633\u0627\u062a<\/a><\/p>                 \n                <div class=\"content\">\n\t\t\t\t\t<p><\/p>\n<ul class=\"liens-utiles clearfix\">\n<li><a title=\"Secr\u00e9tariat g\u00e9n\u00e9ral du gouvernement\" href=\"http:\/\/www.sgg.gov.ma\/\" target=\"_blank\" rel=\"noopener\"><span class=\"title\">\u0627\u0644\u0643\u062a\u0627\u0628\u0629 \u0627\u0644\u0639\u0627\u0645\u0629 \u0644\u0644\u062d\u0643\u0648\u0645\u0629<\/span><span class=\"img\"><img decoding=\"async\" class=\"alignnone size-full wp-image-3661\" src=\"https:\/\/laboratoire-harguil.com\/wp-content\/uploads\/2014\/01\/logo-sgg.png\" alt=\"logo-sgg\" width=\"97\" height=\"100\" \/><\/span><\/a><\/li>\n<li><a title=\"Conseil des pharmaciens biologistes\" href=\"http:\/\/www.cpbmaroc.net\/\" target=\"_blank\" rel=\"noopener\"><span class=\"title\">\u0645\u062c\u0644\u0633 \u0627\u0644\u0635\u064a\u0627\u062f\u0644\u0629 \u0627\u0644\u0625\u062d\u064a\u0627\u0626\u064a\u0646<\/span><span class=\"img\"><img decoding=\"async\" class=\"alignnone size-full wp-image-3639\" src=\"https:\/\/laboratoire-harguil.com\/wp-content\/uploads\/2014\/01\/logo-cpb.png\" alt=\"logo-cpb\" width=\"150\" height=\"100\" \/><\/span><\/a><\/li>\n<li><a title=\"Agence nationale de l&#039;assurance maladie\" href=\"http:\/\/www.anam.ma\/index.php\" target=\"_blank\" rel=\"noopener\"><span class=\"title\">\u0627\u0644\u0648\u0643\u0627\u0644\u0629 \u0627\u0644\u0648\u0637\u0646\u064a\u0629 \u0644\u0644\u062a\u0623\u0645\u064a\u0646 \u0627\u0644\u0635\u062d\u064a<\/span><span class=\"img\"><img decoding=\"async\" class=\"alignnone size-full wp-image-3625\" src=\"https:\/\/laboratoire-harguil.com\/wp-content\/uploads\/2014\/01\/logo-anam.png\" alt=\"logo-anam\" width=\"84\" height=\"100\" \/><\/span><\/a><\/li>\n<li><a title=\"CNOPS\" href=\"http:\/\/www.cnops.org.ma\/\" target=\"_blank\" rel=\"noopener\"><span class=\"title\"> \u0627\u0644\u0635\u0646\u062f\u0648\u0642 \u0627\u0644\u0648\u0637\u0646\u064a \u0644\u0645\u0646\u0638\u0645\u0627\u062a \u0627\u0644\u0627\u062d\u062a\u064a\u0627\u0637 \u0627\u0644\u0627\u062c\u062a\u0645\u0627\u0639\u064a (\u0643\u0646\u0648\u0628\u0633)<\/span><span class=\"img\"><img decoding=\"async\" class=\"alignnone size-full wp-image-3645\" src=\"https:\/\/laboratoire-harguil.com\/wp-content\/uploads\/2014\/01\/logo-cnops.png\" alt=\"logo-cnops\" width=\"131\" height=\"100\" \/><\/span><\/a><\/li>\n<\/ul>\n<ul class=\"liens-utiles clearfix\">\n<li><a title=\"CNSS\" href=\"http:\/\/www.cnss.ma\/\" target=\"_blank\" rel=\"noopener\"><span class=\"title\"> \u0627\u0644\u0635\u0646\u062f\u0648\u0642 \u0627\u0644\u0648\u0637\u0646\u064a \u0644\u0644\u0636\u0645\u0627\u0646 \u0627\u0644\u0627\u062c\u062a\u0645\u0627\u0639\u064a<\/span><span class=\"img\"><img decoding=\"async\" class=\"alignnone size-full wp-image-3624\" src=\"https:\/\/laboratoire-harguil.com\/wp-content\/uploads\/2014\/01\/logo-cnss.png\" alt=\"logo-cnss\" width=\"103\" height=\"100\" srcset=\"https:\/\/laboratoire-harguil.com\/wp-content\/uploads\/2014\/01\/logo-cnss.png 103w, https:\/\/laboratoire-harguil.com\/wp-content\/uploads\/2014\/01\/logo-cnss-50x50.png 50w\" sizes=\"(max-width: 103px) 100vw, 103px\" \/><\/span><\/a><\/li>\n<li><a title=\"Centre anti poison maroc\" href=\"http:\/\/www.capm.ma\/\" target=\"_blank\" rel=\"noopener\"><span class=\"title\"> \u0627\u0644\u0645\u0631\u0643\u0632 \u0627\u0644\u0645\u063a\u0631\u0628\u064a \u0644\u0645\u062d\u0627\u0631\u0628\u0629 \u0627\u0644\u062a\u0633\u0645\u0645<\/span><span class=\"img\"><img decoding=\"async\" class=\"alignnone size-full wp-image-3618\" src=\"https:\/\/laboratoire-harguil.com\/wp-content\/uploads\/2014\/01\/logo_capm.png\" alt=\"logo_capm\" width=\"112\" height=\"100\" \/><\/span><\/a><\/li>\n<\/ul>\n<p><\/p>\n                <\/div>\n            <\/section>\n\n\t\t\t<section class=\"section\">\n\t\t\t\t<p class=\"title\"><a href=\"#\">\u0645\u0648\u0627\u0642\u0639 \u062a\u0639\u0631\u064a\u0641\u064a\u0629<\/a><\/p>                 \n                <div class=\"content\">\n\t\t\t\t\t<p><\/p>\n<ul>\n<li><a title=\"Diab\u00e8te\" href=\"http:\/\/www.afd.asso.fr\/\" target=\"_blank\" rel=\"noopener\"> \u0627\u0644\u0633\u0643\u0631\u064a<\/a><\/li>\n<li><a title=\"Hypertension\" href=\"http:\/\/www.ameli-sante.fr\/hypertension-arterielle\/definition.html\" target=\"_blank\" rel=\"noopener\"> \u0627\u0631\u062a\u0641\u0627\u0639 \u0636\u063a\u0637 \u0627\u0644\u062f\u0645<\/a><\/li>\n<li><a title=\"Asthme et Allergie\" href=\"http:\/\/asthme-allergies.org\/\" target=\"_blank\" rel=\"noopener\"> \u0627\u0644\u0631\u0628\u0648 \u0648\u0627\u0644\u062d\u0633\u0627\u0633\u064a\u0629<\/a><\/li>\n<li><a title=\"Grossesse\" href=\"http:\/\/www.magrossesse.com\/\" target=\"_blank\" rel=\"noopener\"> \u0627\u0644\u062d\u0645\u0644<\/a><\/li>\n<li><a title=\"Assistance m\u00e9dicale \u00e0 la procr\u00e9ation (FIV)\" href=\"http:\/\/www.fivfrance.com\/\" target=\"_blank\" rel=\"noopener\"> \u0627\u0644\u0645\u0633\u0627\u0639\u062f\u0629 \u0627\u0644\u0637\u0628\u064a\u0629 \u0639\u0644\u0649 \u0627\u0644\u0625\u0646\u062c\u0627\u0628<\/a><\/li>\n<\/ul>\n<p><\/p>\n                <\/div>\n            <\/section><\/div>\n<\/div>\n","protected":false},"excerpt":{"rendered":"<p>\u00a0<\/p>\n","protected":false},"author":1,"featured_media":0,"parent":0,"menu_order":0,"comment_status":"open","ping_status":"closed","template":"","meta":{"footnotes":""},"class_list":["post-3984","page","type-page","status-publish","hentry"],"aioseo_notices":[],"yoast_head":"<!-- This site is optimized with the Yoast SEO plugin v25.8 - https:\/\/yoast.com\/wordpress\/plugins\/seo\/ -->\n<title>\u0645\u0648\u0627\u0642\u0639 \u0645\u0641\u064a\u062f\u0629 - Laboratoire Harguil<\/title>\n<meta name=\"description\" content=\"\u00a0\" \/>\n<meta name=\"robots\" content=\"index, follow, max-snippet:-1, max-image-preview:large, max-video-preview:-1\" \/>\n<link rel=\"canonical\" href=\"https:\/\/laboratoire-harguil.com\/ar\/liens-utiles-ar\/\" \/>\n<meta property=\"og:locale\" content=\"ar_AR\" \/>\n<meta property=\"og:type\" content=\"article\" \/>\n<meta property=\"og:title\" content=\"\u0645\u0648\u0627\u0642\u0639 \u0645\u0641\u064a\u062f\u0629 - Laboratoire Harguil\" \/>\n<meta property=\"og:description\" content=\"\u00a0\" \/>\n<meta property=\"og:url\" content=\"https:\/\/laboratoire-harguil.com\/ar\/liens-utiles-ar\/\" \/>\n<meta property=\"og:site_name\" content=\"Laboratoire Harguil\" \/>\n<meta property=\"article:modified_time\" content=\"2015-12-02T17:40:45+00:00\" \/>\n<meta property=\"og:image\" content=\"https:\/\/laboratoire-harguil.com\/wp-content\/uploads\/2014\/01\/logo-sgg.png\" \/>\n\t<meta property=\"og:image:width\" content=\"97\" \/>\n\t<meta property=\"og:image:height\" content=\"100\" \/>\n\t<meta property=\"og:image:type\" content=\"image\/png\" \/>\n<meta name=\"twitter:card\" content=\"summary_large_image\" \/>\n<script type=\"application\/ld+json\" class=\"yoast-schema-graph\">{\"@context\":\"https:\/\/schema.org\",\"@graph\":[{\"@type\":\"WebPage\",\"@id\":\"https:\/\/laboratoire-harguil.com\/ar\/liens-utiles-ar\/\",\"url\":\"https:\/\/laboratoire-harguil.com\/ar\/liens-utiles-ar\/\",\"name\":\"\u0645\u0648\u0627\u0642\u0639 \u0645\u0641\u064a\u062f\u0629 - Laboratoire Harguil\",\"isPartOf\":{\"@id\":\"https:\/\/laboratoire-harguil.com\/#website\"},\"primaryImageOfPage\":{\"@id\":\"https:\/\/laboratoire-harguil.com\/ar\/liens-utiles-ar\/#primaryimage\"},\"image\":{\"@id\":\"https:\/\/laboratoire-harguil.com\/ar\/liens-utiles-ar\/#primaryimage\"},\"thumbnailUrl\":\"https:\/\/laboratoire-harguil.com\/wp-content\/uploads\/2014\/01\/logo-sgg.png\",\"datePublished\":\"2014-01-21T17:27:17+00:00\",\"dateModified\":\"2015-12-02T17:40:45+00:00\",\"description\":\"\u00a0\",\"breadcrumb\":{\"@id\":\"https:\/\/laboratoire-harguil.com\/ar\/liens-utiles-ar\/#breadcrumb\"},\"inLanguage\":\"ar\",\"potentialAction\":[{\"@type\":\"ReadAction\",\"target\":[\"https:\/\/laboratoire-harguil.com\/ar\/liens-utiles-ar\/\"]}]},{\"@type\":\"ImageObject\",\"inLanguage\":\"ar\",\"@id\":\"https:\/\/laboratoire-harguil.com\/ar\/liens-utiles-ar\/#primaryimage\",\"url\":\"https:\/\/laboratoire-harguil.com\/wp-content\/uploads\/2014\/01\/logo-sgg.png\",\"contentUrl\":\"https:\/\/laboratoire-harguil.com\/wp-content\/uploads\/2014\/01\/logo-sgg.png\"},{\"@type\":\"BreadcrumbList\",\"@id\":\"https:\/\/laboratoire-harguil.com\/ar\/liens-utiles-ar\/#breadcrumb\",\"itemListElement\":[{\"@type\":\"ListItem\",\"position\":1,\"name\":\"Accueil\",\"item\":\"https:\/\/laboratoire-harguil.com\/ar\/variation-1\/\"},{\"@type\":\"ListItem\",\"position\":2,\"name\":\"\u0645\u0648\u0627\u0642\u0639 \u0645\u0641\u064a\u062f\u0629\"}]},{\"@type\":\"WebSite\",\"@id\":\"https:\/\/laboratoire-harguil.com\/#website\",\"url\":\"https:\/\/laboratoire-harguil.com\/\",\"name\":\"Laboratoire Harguil\",\"description\":\"Laboratoire d&#039;analyses m\u00e9dicales\",\"publisher\":{\"@id\":\"https:\/\/laboratoire-harguil.com\/#organization\"},\"potentialAction\":[{\"@type\":\"SearchAction\",\"target\":{\"@type\":\"EntryPoint\",\"urlTemplate\":\"https:\/\/laboratoire-harguil.com\/?s={search_term_string}\"},\"query-input\":{\"@type\":\"PropertyValueSpecification\",\"valueRequired\":true,\"valueName\":\"search_term_string\"}}],\"inLanguage\":\"ar\"},{\"@type\":\"Organization\",\"@id\":\"https:\/\/laboratoire-harguil.com\/#organization\",\"name\":\"Laboratoire Harguil\",\"url\":\"https:\/\/laboratoire-harguil.com\/\",\"logo\":{\"@type\":\"ImageObject\",\"inLanguage\":\"ar\",\"@id\":\"https:\/\/laboratoire-harguil.com\/#\/schema\/logo\/image\/\",\"url\":\"https:\/\/laboratoire-harguil.com\/wp-content\/uploads\/2014\/03\/logo.png\",\"contentUrl\":\"https:\/\/laboratoire-harguil.com\/wp-content\/uploads\/2014\/03\/logo.png\",\"width\":206,\"height\":142,\"caption\":\"Laboratoire Harguil\"},\"image\":{\"@id\":\"https:\/\/laboratoire-harguil.com\/#\/schema\/logo\/image\/\"}}]}<\/script>\n<!-- \/ Yoast SEO plugin. -->","yoast_head_json":{"title":"\u0645\u0648\u0627\u0642\u0639 \u0645\u0641\u064a\u062f\u0629 - Laboratoire Harguil","description":"\u00a0","robots":{"index":"index","follow":"follow","max-snippet":"max-snippet:-1","max-image-preview":"max-image-preview:large","max-video-preview":"max-video-preview:-1"},"canonical":"https:\/\/laboratoire-harguil.com\/ar\/liens-utiles-ar\/","og_locale":"ar_AR","og_type":"article","og_title":"\u0645\u0648\u0627\u0642\u0639 \u0645\u0641\u064a\u062f\u0629 - Laboratoire Harguil","og_description":"\u00a0","og_url":"https:\/\/laboratoire-harguil.com\/ar\/liens-utiles-ar\/","og_site_name":"Laboratoire Harguil","article_modified_time":"2015-12-02T17:40:45+00:00","og_image":[{"width":97,"height":100,"url":"https:\/\/laboratoire-harguil.com\/wp-content\/uploads\/2014\/01\/logo-sgg.png","type":"image\/png"}],"twitter_card":"summary_large_image","schema":{"@context":"https:\/\/schema.org","@graph":[{"@type":"WebPage","@id":"https:\/\/laboratoire-harguil.com\/ar\/liens-utiles-ar\/","url":"https:\/\/laboratoire-harguil.com\/ar\/liens-utiles-ar\/","name":"\u0645\u0648\u0627\u0642\u0639 \u0645\u0641\u064a\u062f\u0629 - Laboratoire Harguil","isPartOf":{"@id":"https:\/\/laboratoire-harguil.com\/#website"},"primaryImageOfPage":{"@id":"https:\/\/laboratoire-harguil.com\/ar\/liens-utiles-ar\/#primaryimage"},"image":{"@id":"https:\/\/laboratoire-harguil.com\/ar\/liens-utiles-ar\/#primaryimage"},"thumbnailUrl":"https:\/\/laboratoire-harguil.com\/wp-content\/uploads\/2014\/01\/logo-sgg.png","datePublished":"2014-01-21T17:27:17+00:00","dateModified":"2015-12-02T17:40:45+00:00","description":"\u00a0","breadcrumb":{"@id":"https:\/\/laboratoire-harguil.com\/ar\/liens-utiles-ar\/#breadcrumb"},"inLanguage":"ar","potentialAction":[{"@type":"ReadAction","target":["https:\/\/laboratoire-harguil.com\/ar\/liens-utiles-ar\/"]}]},{"@type":"ImageObject","inLanguage":"ar","@id":"https:\/\/laboratoire-harguil.com\/ar\/liens-utiles-ar\/#primaryimage","url":"https:\/\/laboratoire-harguil.com\/wp-content\/uploads\/2014\/01\/logo-sgg.png","contentUrl":"https:\/\/laboratoire-harguil.com\/wp-content\/uploads\/2014\/01\/logo-sgg.png"},{"@type":"BreadcrumbList","@id":"https:\/\/laboratoire-harguil.com\/ar\/liens-utiles-ar\/#breadcrumb","itemListElement":[{"@type":"ListItem","position":1,"name":"Accueil","item":"https:\/\/laboratoire-harguil.com\/ar\/variation-1\/"},{"@type":"ListItem","position":2,"name":"\u0645\u0648\u0627\u0642\u0639 \u0645\u0641\u064a\u062f\u0629"}]},{"@type":"WebSite","@id":"https:\/\/laboratoire-harguil.com\/#website","url":"https:\/\/laboratoire-harguil.com\/","name":"Laboratoire Harguil","description":"Laboratoire d&#039;analyses m\u00e9dicales","publisher":{"@id":"https:\/\/laboratoire-harguil.com\/#organization"},"potentialAction":[{"@type":"SearchAction","target":{"@type":"EntryPoint","urlTemplate":"https:\/\/laboratoire-harguil.com\/?s={search_term_string}"},"query-input":{"@type":"PropertyValueSpecification","valueRequired":true,"valueName":"search_term_string"}}],"inLanguage":"ar"},{"@type":"Organization","@id":"https:\/\/laboratoire-harguil.com\/#organization","name":"Laboratoire Harguil","url":"https:\/\/laboratoire-harguil.com\/","logo":{"@type":"ImageObject","inLanguage":"ar","@id":"https:\/\/laboratoire-harguil.com\/#\/schema\/logo\/image\/","url":"https:\/\/laboratoire-harguil.com\/wp-content\/uploads\/2014\/03\/logo.png","contentUrl":"https:\/\/laboratoire-harguil.com\/wp-content\/uploads\/2014\/03\/logo.png","width":206,"height":142,"caption":"Laboratoire Harguil"},"image":{"@id":"https:\/\/laboratoire-harguil.com\/#\/schema\/logo\/image\/"}}]}},"_links":{"self":[{"href":"https:\/\/laboratoire-harguil.com\/ar\/wp-json\/wp\/v2\/pages\/3984","targetHints":{"allow":["GET"]}}],"collection":[{"href":"https:\/\/laboratoire-harguil.com\/ar\/wp-json\/wp\/v2\/pages"}],"about":[{"href":"https:\/\/laboratoire-harguil.com\/ar\/wp-json\/wp\/v2\/types\/page"}],"author":[{"embeddable":true,"href":"https:\/\/laboratoire-harguil.com\/ar\/wp-json\/wp\/v2\/users\/1"}],"replies":[{"embeddable":true,"href":"https:\/\/laboratoire-harguil.com\/ar\/wp-json\/wp\/v2\/comments?post=3984"}],"version-history":[{"count":8,"href":"https:\/\/laboratoire-harguil.com\/ar\/wp-json\/wp\/v2\/pages\/3984\/revisions"}],"predecessor-version":[{"id":4248,"href":"https:\/\/laboratoire-harguil.com\/ar\/wp-json\/wp\/v2\/pages\/3984\/revisions\/4248"}],"wp:attachment":[{"href":"https:\/\/laboratoire-harguil.com\/ar\/wp-json\/wp\/v2\/media?parent=3984"}],"curies":[{"name":"wp","href":"https:\/\/api.w.org\/{rel}","templated":true}]}}