{"id":3987,"date":"2014-01-22T11:33:44","date_gmt":"2014-01-22T10:33:44","guid":{"rendered":"http:\/\/ws.ma\/sites\/harguil\/espace-pro-2\/"},"modified":"2015-06-11T16:19:18","modified_gmt":"2015-06-11T15:19:18","slug":"espace-pro","status":"publish","type":"page","link":"https:\/\/laboratoire-harguil.com\/ar\/espace-pro\/","title":{"rendered":"\u0641\u0636\u0627\u0621 \u0627\u0644\u0645\u0647\u0646\u064a\u064a\u0646"},"content":{"rendered":"<ul class=\"accordion\" id=\"accordion9873\">\t\t\t\n\t\t\t<li>\n\t\t\t\t<div class=\"handle\"><span><i><\/i><\/span><a href=\"#\">Guide des analyses<\/a><\/div>\n\t\t\t\t<div class=\"panel loading\">\n\t\t\t\t\t<p><\/p>\n<p><a href=\"http:\/\/laboratoire-harguil.com\/wp-content\/docs\/guide-analyse\/guide-exam-bio.pdf\" target=\"_blank\">T\u00e9l\u00e9charger le guide des analyses (PDF, 345KB)<\/a><\/p>\n<p>Source:\u00a0<a href=\"http:\/\/www.sfbc.asso.fr\" target=\"_blank\" rel=\"noopener\">http:\/\/www.sfbc.asso.fr<\/a><\/p>\n<p><\/p>\n\t\t\t\t<\/div>\n           <\/li>\n\t\t\t\n\t\t\t<li>\n\t\t\t\t<div class=\"handle\"><span><i><\/i><\/span><a href=\"#\">Notre engagement qualit\u00e9<\/a><\/div>\n\t\t\t\t<div class=\"panel loading\">\n\t\t\t\t\t<p>Conscient du r\u00f4le primordial que joue la Biologie M\u00e9dicale dans le parcours des soins et afin de contribuer efficacement \u00e0 la d\u00e9marche th\u00e9rapeutique avec les garanties de fournir des prestations de qualit\u00e9, le Laboratoire d\u2019analyses de Biologie M\u00e9dicale (LBM)\u00a0HARGUIL\u00a0s\u2019engage dans une d\u00e9marche de progr\u00e8s, conform\u00e9ment au r\u00e9f\u00e9rentiel international ISO15189, avec le respect des bonnes pratiques professionnelles, la recherche active de renseignements cliniques, le respect des r\u00e8gles \u00e9thiques, l&#8217;engagement aupr\u00e8s du personnel \u00e0 maintenir la comp\u00e9tence et \u00e0 mettre en \u0153uvre un syst\u00e8me de communication.<\/p>\n<p>Tenant compte des attentes de ses clients et partenaires et en coh\u00e9rence avec sa vision, la direction du laboratoire a d\u00e9fini sa politique qualit\u00e9 autour des axes suivants :<\/p>\n<ul>\n<li>Etre \u00e0 l\u2019\u00e9coute de ses clients : patients et prescripteurs en vue de mieux les satisfaire dans le respect des r\u00e8gles de confidentialit\u00e9 et de l\u2019\u00e9thique,<\/li>\n<li>Garantir la fiabilit\u00e9 des r\u00e9sultats par la ma\u00eetrise de tous les facteurs d\u2019influence,<\/li>\n<li>D\u00e9velopper les comp\u00e9tences et assurer les qualifications requises du personnel,<\/li>\n<li>Contribuer en tant qu\u2019acteur important dans la qualit\u00e9 des soins prodigu\u00e9s aux patients par des r\u00e9sultats d\u2019analyses, des avis et conseils pertinents permettant d\u2019orienter correctement les m\u00e9decins prescripteurs dans la prise de d\u00e9cision.<\/li>\n<li>Progresser dans une dynamique d\u2019am\u00e9lioration des performances<\/li>\n<li>Ces axes sont d\u00e9clin\u00e9s en objectifs mesurables et pilot\u00e9s par des indicateurs de performance au niveau de l\u2019ensemble des processus du syst\u00e8me de management de la qualit\u00e9.<\/li>\n<\/ul>\n<p>Pour accompagner ces orientations, la direction du LBM\u00a0HARGUIL\u00a0s\u2019engage \u00e0 :<\/p>\n<ul>\n<li>Mettre \u00e0 la disposition de l\u2019ensemble du personnel les ressources n\u00e9cessaires \u00e0 la r\u00e9alisation de ses taches. S\u2019assurer qu\u2019elle-m\u00eame ou le personnel ne subissent aucune pression commerciale, financi\u00e8re ou autre qui pourrait avoir une influence sur la r\u00e9alisation des analyses.<\/li>\n<li>Respecter les exigences l\u00e9gales, r\u00e9glementaires et celle de la norme\u00a0<strong>ISO15189<\/strong>.<\/li>\n<li>Am\u00e9liorer en continu l\u2019efficacit\u00e9 et la performance du syst\u00e8me de management de la qualit\u00e9.<\/li>\n<\/ul>\n<p>Cette politique ne peut \u00eatre mise en \u0153uvre sans la mobilisation totale de tout le personnel. La direction donne d\u00e9l\u00e9gation au Responsable Qualit\u00e9 pour assurer la gestion du Syst\u00e8me de Management de la Qualit\u00e9.<\/p>\n<p>J\u2019invite tout le personnel \u00e0 contribuer activement dans la r\u00e9alisation de cette politique qui est la n\u00f4tre dans l\u2019ex\u00e9cution de nos activit\u00e9s au quotidien.<\/p>\n<div class=\"signature\">Fait \u00e0 Agadir, le 15 F\u00e9vrier 2014<br \/>\nDocteur A. HARGUIL<br \/>\nDirecteur du Laboratoire<\/div>\n<p><\/p>\n\t\t\t\t<\/div>\n           <\/li>\n\t\t\t\n\t\t\t<li>\n\t\t\t\t<div class=\"handle\"><span><i><\/i><\/span><a href=\"#\">Intranet<\/a><\/div>\n\t\t\t\t<div class=\"panel loading\">\n\t\t\t\t\t<p><\/p>\n<p>En cours de cnstruction.<\/p>\n<p><\/p>\n\t\t\t\t<\/div>\n           <\/li>\n\t\t\t\n\t\t\t<li>\n\t\t\t\t<div class=\"handle\"><span><i><\/i><\/span><a href=\"#\">Classification des analyses en fonction des bilans <\/a><\/div>\n\t\t\t\t<div class=\"panel loading\">\n\t\t\t\t\t<p><\/p>\n<p><div class=\"large-12 columns \"><div class=\"large-4 columns \"><\/p>\n<ul>\n<li><a title=\"Bilan biologique d\u2019an\u00e9mie\" href=\"http:\/\/laboratoire-harguil.com\/espace-pro\/classification-des-analyses\/bilan-biologique-danemie\/\" target=\"_blank\">Bilan biologique d\u2019an\u00e9mie<\/a><\/li>\n<li><a title=\"Bilan biologique de d\u00e9nutrition\" href=\"http:\/\/laboratoire-harguil.com\/espace-pro\/classification-des-analyses\/bilan-biologique-de-denutrition\/\" target=\"_blank\">Bilan biologique de d\u00e9nutrition<\/a><\/li>\n<li><a title=\"Bilan biologique de diab\u00e8te\" href=\"http:\/\/laboratoire-harguil.com\/espace-pro\/classification-des-analyses\/bilan-biologique-de-diabete\/\" target=\"_blank\">Bilan biologique de diab\u00e8te<\/a><\/li>\n<\/ul>\n<p><\/div> <div class=\"large-4 columns \"><\/p>\n<ul>\n<li><a title=\"Bilan biologique de la grossesse\" href=\"http:\/\/laboratoire-harguil.com\/espace-pro\/classification-des-analyses\/bilan-biologique-de-la-grossesse\/\" target=\"_blank\">Bilan biologique de la grossesse<\/a><\/li>\n<li><a title=\"Bilan h\u00e9patique\" href=\"http:\/\/laboratoire-harguil.com\/espace-pro\/classification-des-analyses\/bilan-hepatique\/\" target=\"_blank\">Bilan h\u00e9patique<\/a><\/li>\n<li><a title=\"Bilan biologique d\u2019hypertension\" href=\"http:\/\/laboratoire-harguil.com\/espace-pro\/classification-des-analyses\/bilan-biologique-dhypertension\/\" target=\"_blank\">Bilan biologique d\u2019hypertension<\/a><\/li>\n<\/ul>\n<p><\/div> <div class=\"large-4 columns \"><\/p>\n<ul>\n<li><a title=\"Bilan immunitaire\" href=\"http:\/\/laboratoire-harguil.com\/espace-pro\/classification-des-analyses\/bilan-immunitaire\/\" target=\"_blank\">Bilan immunitaire<\/a><\/li>\n<li><a title=\"Bilan biologique d\u2019infarctus du myocarde\" href=\"http:\/\/laboratoire-harguil.com\/espace-pro\/classification-des-analyses\/bilan-biologique-dinfarctus-du-myocarde\/\" target=\"_blank\">Bilan biologique d\u2019infarctus du myocarde<\/a><\/li>\n<li><a title=\"Bilan biologique de l\u2019infection par VIH (sida)\" href=\"http:\/\/laboratoire-harguil.com\/espace-pro\/classification-des-analyses\/bilan-biologique-de-linfection-par-vih-sida\/\" target=\"_blank\">Bilan biologique de l\u2019infection par VIH (sida)<\/a><\/li>\n<\/ul>\n<p><\/div><\/div><\/p>\n<p><div class=\"large-12 columns \"><div class=\"large-4 columns \"><\/p>\n<ul>\n<li><a title=\"Bilan inflammatoire\" href=\"http:\/\/laboratoire-harguil.com\/espace-pro\/classification-des-analyses\/bilan-inflammatoire\/\" target=\"_blank\">Bilan inflammatoire<\/a><\/li>\n<li><a title=\"Bilan lipidique\" href=\"http:\/\/laboratoire-harguil.com\/espace-pro\/classification-des-analyses\/bilan-lipidique\/\" target=\"_blank\">Bilan lipidique<\/a><\/li>\n<li><a title=\"Bilan pr\u00e9op\u00e9ratoire\" href=\"http:\/\/laboratoire-harguil.com\/espace-pro\/classification-des-analyses\/bilan-preoperatoire\/\" target=\"_blank\">Bilan pr\u00e9op\u00e9ratoire<\/a><\/li>\n<\/ul>\n<p><\/div> <div class=\"large-4 columns \"><\/p>\n<ul>\n<li><a title=\"Bilan r\u00e9nal\" href=\"http:\/\/laboratoire-harguil.com\/espace-pro\/classification-des-analyses\/bilan-renal\/\" target=\"_blank\">Bilan r\u00e9nal<\/a><\/li>\n<li><a title=\"Bilan Biologique de st\u00e9rilit\u00e9 f\u00e9minine\" href=\"http:\/\/laboratoire-harguil.com\/espace-pro\/classification-des-analyses\/bilan-biologique-de-sterilite-feminine\/\" target=\"_blank\">Bilan Biologique de st\u00e9rilit\u00e9 f\u00e9minine<\/a><\/li>\n<li><a title=\"Bilan biologique de st\u00e9rilit\u00e9 masculine\" href=\"http:\/\/laboratoire-harguil.com\/espace-pro\/classification-des-analyses\/bilan-biologique-de-sterilite-masculine\/\" target=\"_blank\">Bilan biologique de st\u00e9rilit\u00e9 masculine<\/a><\/li>\n<\/ul>\n<p><\/div> <div class=\"large-4 columns \"><\/p>\n<ul>\n<li><a title=\"Bilan de thromboses r\u00e9cidivantes\/insolites\" href=\"http:\/\/laboratoire-harguil.com\/espace-pro\/classification-des-analyses\/bilan-de-thromboses-recidivantesinsolites\/\" target=\"_blank\">Bilan de thromboses r\u00e9cidivantes\/insolites<\/a><\/li>\n<li><a title=\"Bilan thyro\u00efdien\" href=\"http:\/\/laboratoire-harguil.com\/espace-pro\/classification-des-analyses\/bilan-thyroidien\/\" target=\"_blank\">Bilan thyro\u00efdien<\/a><\/li>\n<\/ul>\n<p><\/div><\/div><\/p>\n<p><\/p>\n\t\t\t\t<\/div>\n           <\/li><\/ul>\n\t\t<script type=\"text\/javascript\">\n\t\tjQuery(document).ready(function() {\n\t\t\tjQuery(\"#accordion9873\").accordion({\n\t\t\t\thandle: \".handle\", \/\/ Default: \"h3\"\n\t\t\t\tpanel: \".panel\", \/\/ Default: \".panel\"\n\t\t\t\tspeed: 500, \/\/ Default: 200\n\t\t\t\teasing: \"easeInOutQuad\", \/\/ Default \"swing\"\n\t\t\t\tcanOpenMultiple: false, \/\/ Default: false\n\t\t\t\tcanToggle: false, \/\/ Default: false\n\t\t\t\tactiveClassPanel: \"open\", \/\/ Default: \"open\"\n\t\t\t\tactiveClassLi: \"active\", \/\/ Default: \"active\"\n\t\t\t\tlockedClass: \"locked\", \/\/ Default: \"locked\"\n\t\t\t\tloadingClass: \"loading\" \/\/ Default: \"loading\"\n\t\t\t});\n\t\t});\n\t\t<\/script>\n\t\t\n","protected":false},"excerpt":{"rendered":"","protected":false},"author":1,"featured_media":0,"parent":0,"menu_order":0,"comment_status":"open","ping_status":"closed","template":"","meta":{"footnotes":""},"class_list":["post-3987","page","type-page","status-publish","hentry"],"aioseo_notices":[],"yoast_head":"<!-- This site is optimized with the Yoast SEO plugin v25.8 - https:\/\/yoast.com\/wordpress\/plugins\/seo\/ -->\n<title>\u0641\u0636\u0627\u0621 \u0627\u0644\u0645\u0647\u0646\u064a\u064a\u0646 - Laboratoire Harguil<\/title>\n<meta name=\"robots\" content=\"index, follow, max-snippet:-1, max-image-preview:large, max-video-preview:-1\" \/>\n<link rel=\"canonical\" href=\"https:\/\/laboratoire-harguil.com\/ar\/espace-pro\/\" \/>\n<meta property=\"og:locale\" content=\"ar_AR\" \/>\n<meta property=\"og:type\" content=\"article\" \/>\n<meta property=\"og:title\" content=\"\u0641\u0636\u0627\u0621 \u0627\u0644\u0645\u0647\u0646\u064a\u064a\u0646 - Laboratoire Harguil\" \/>\n<meta property=\"og:url\" content=\"https:\/\/laboratoire-harguil.com\/ar\/espace-pro\/\" \/>\n<meta property=\"og:site_name\" content=\"Laboratoire Harguil\" \/>\n<meta property=\"article:modified_time\" content=\"2015-06-11T15:19:18+00:00\" \/>\n<meta name=\"twitter:card\" content=\"summary_large_image\" \/>\n<meta name=\"twitter:label1\" content=\"\u0648\u0642\u062a \u0627\u0644\u0642\u0631\u0627\u0621\u0629 \u0627\u0644\u0645\u064f\u0642\u062f\u0651\u0631\" \/>\n\t<meta name=\"twitter:data1\" content=\"3 \u062f\u0642\u0627\u0626\u0642\" \/>\n<script type=\"application\/ld+json\" class=\"yoast-schema-graph\">{\"@context\":\"https:\/\/schema.org\",\"@graph\":[{\"@type\":\"WebPage\",\"@id\":\"https:\/\/laboratoire-harguil.com\/ar\/espace-pro\/\",\"url\":\"https:\/\/laboratoire-harguil.com\/ar\/espace-pro\/\",\"name\":\"\u0641\u0636\u0627\u0621 \u0627\u0644\u0645\u0647\u0646\u064a\u064a\u0646 - Laboratoire Harguil\",\"isPartOf\":{\"@id\":\"https:\/\/laboratoire-harguil.com\/#website\"},\"datePublished\":\"2014-01-22T10:33:44+00:00\",\"dateModified\":\"2015-06-11T15:19:18+00:00\",\"breadcrumb\":{\"@id\":\"https:\/\/laboratoire-harguil.com\/ar\/espace-pro\/#breadcrumb\"},\"inLanguage\":\"ar\",\"potentialAction\":[{\"@type\":\"ReadAction\",\"target\":[\"https:\/\/laboratoire-harguil.com\/ar\/espace-pro\/\"]}]},{\"@type\":\"BreadcrumbList\",\"@id\":\"https:\/\/laboratoire-harguil.com\/ar\/espace-pro\/#breadcrumb\",\"itemListElement\":[{\"@type\":\"ListItem\",\"position\":1,\"name\":\"Accueil\",\"item\":\"https:\/\/laboratoire-harguil.com\/ar\/variation-1\/\"},{\"@type\":\"ListItem\",\"position\":2,\"name\":\"\u0641\u0636\u0627\u0621 \u0627\u0644\u0645\u0647\u0646\u064a\u064a\u0646\"}]},{\"@type\":\"WebSite\",\"@id\":\"https:\/\/laboratoire-harguil.com\/#website\",\"url\":\"https:\/\/laboratoire-harguil.com\/\",\"name\":\"Laboratoire Harguil\",\"description\":\"Laboratoire d&#039;analyses m\u00e9dicales\",\"publisher\":{\"@id\":\"https:\/\/laboratoire-harguil.com\/#organization\"},\"potentialAction\":[{\"@type\":\"SearchAction\",\"target\":{\"@type\":\"EntryPoint\",\"urlTemplate\":\"https:\/\/laboratoire-harguil.com\/?s={search_term_string}\"},\"query-input\":{\"@type\":\"PropertyValueSpecification\",\"valueRequired\":true,\"valueName\":\"search_term_string\"}}],\"inLanguage\":\"ar\"},{\"@type\":\"Organization\",\"@id\":\"https:\/\/laboratoire-harguil.com\/#organization\",\"name\":\"Laboratoire Harguil\",\"url\":\"https:\/\/laboratoire-harguil.com\/\",\"logo\":{\"@type\":\"ImageObject\",\"inLanguage\":\"ar\",\"@id\":\"https:\/\/laboratoire-harguil.com\/#\/schema\/logo\/image\/\",\"url\":\"https:\/\/laboratoire-harguil.com\/wp-content\/uploads\/2014\/03\/logo.png\",\"contentUrl\":\"https:\/\/laboratoire-harguil.com\/wp-content\/uploads\/2014\/03\/logo.png\",\"width\":206,\"height\":142,\"caption\":\"Laboratoire Harguil\"},\"image\":{\"@id\":\"https:\/\/laboratoire-harguil.com\/#\/schema\/logo\/image\/\"}}]}<\/script>\n<!-- \/ Yoast SEO plugin. -->","yoast_head_json":{"title":"\u0641\u0636\u0627\u0621 \u0627\u0644\u0645\u0647\u0646\u064a\u064a\u0646 - Laboratoire Harguil","robots":{"index":"index","follow":"follow","max-snippet":"max-snippet:-1","max-image-preview":"max-image-preview:large","max-video-preview":"max-video-preview:-1"},"canonical":"https:\/\/laboratoire-harguil.com\/ar\/espace-pro\/","og_locale":"ar_AR","og_type":"article","og_title":"\u0641\u0636\u0627\u0621 \u0627\u0644\u0645\u0647\u0646\u064a\u064a\u0646 - Laboratoire Harguil","og_url":"https:\/\/laboratoire-harguil.com\/ar\/espace-pro\/","og_site_name":"Laboratoire Harguil","article_modified_time":"2015-06-11T15:19:18+00:00","twitter_card":"summary_large_image","twitter_misc":{"\u0648\u0642\u062a \u0627\u0644\u0642\u0631\u0627\u0621\u0629 \u0627\u0644\u0645\u064f\u0642\u062f\u0651\u0631":"3 \u062f\u0642\u0627\u0626\u0642"},"schema":{"@context":"https:\/\/schema.org","@graph":[{"@type":"WebPage","@id":"https:\/\/laboratoire-harguil.com\/ar\/espace-pro\/","url":"https:\/\/laboratoire-harguil.com\/ar\/espace-pro\/","name":"\u0641\u0636\u0627\u0621 \u0627\u0644\u0645\u0647\u0646\u064a\u064a\u0646 - Laboratoire Harguil","isPartOf":{"@id":"https:\/\/laboratoire-harguil.com\/#website"},"datePublished":"2014-01-22T10:33:44+00:00","dateModified":"2015-06-11T15:19:18+00:00","breadcrumb":{"@id":"https:\/\/laboratoire-harguil.com\/ar\/espace-pro\/#breadcrumb"},"inLanguage":"ar","potentialAction":[{"@type":"ReadAction","target":["https:\/\/laboratoire-harguil.com\/ar\/espace-pro\/"]}]},{"@type":"BreadcrumbList","@id":"https:\/\/laboratoire-harguil.com\/ar\/espace-pro\/#breadcrumb","itemListElement":[{"@type":"ListItem","position":1,"name":"Accueil","item":"https:\/\/laboratoire-harguil.com\/ar\/variation-1\/"},{"@type":"ListItem","position":2,"name":"\u0641\u0636\u0627\u0621 \u0627\u0644\u0645\u0647\u0646\u064a\u064a\u0646"}]},{"@type":"WebSite","@id":"https:\/\/laboratoire-harguil.com\/#website","url":"https:\/\/laboratoire-harguil.com\/","name":"Laboratoire Harguil","description":"Laboratoire d&#039;analyses m\u00e9dicales","publisher":{"@id":"https:\/\/laboratoire-harguil.com\/#organization"},"potentialAction":[{"@type":"SearchAction","target":{"@type":"EntryPoint","urlTemplate":"https:\/\/laboratoire-harguil.com\/?s={search_term_string}"},"query-input":{"@type":"PropertyValueSpecification","valueRequired":true,"valueName":"search_term_string"}}],"inLanguage":"ar"},{"@type":"Organization","@id":"https:\/\/laboratoire-harguil.com\/#organization","name":"Laboratoire Harguil","url":"https:\/\/laboratoire-harguil.com\/","logo":{"@type":"ImageObject","inLanguage":"ar","@id":"https:\/\/laboratoire-harguil.com\/#\/schema\/logo\/image\/","url":"https:\/\/laboratoire-harguil.com\/wp-content\/uploads\/2014\/03\/logo.png","contentUrl":"https:\/\/laboratoire-harguil.com\/wp-content\/uploads\/2014\/03\/logo.png","width":206,"height":142,"caption":"Laboratoire Harguil"},"image":{"@id":"https:\/\/laboratoire-harguil.com\/#\/schema\/logo\/image\/"}}]}},"_links":{"self":[{"href":"https:\/\/laboratoire-harguil.com\/ar\/wp-json\/wp\/v2\/pages\/3987","targetHints":{"allow":["GET"]}}],"collection":[{"href":"https:\/\/laboratoire-harguil.com\/ar\/wp-json\/wp\/v2\/pages"}],"about":[{"href":"https:\/\/laboratoire-harguil.com\/ar\/wp-json\/wp\/v2\/types\/page"}],"author":[{"embeddable":true,"href":"https:\/\/laboratoire-harguil.com\/ar\/wp-json\/wp\/v2\/users\/1"}],"replies":[{"embeddable":true,"href":"https:\/\/laboratoire-harguil.com\/ar\/wp-json\/wp\/v2\/comments?post=3987"}],"version-history":[{"count":1,"href":"https:\/\/laboratoire-harguil.com\/ar\/wp-json\/wp\/v2\/pages\/3987\/revisions"}],"predecessor-version":[{"id":3988,"href":"https:\/\/laboratoire-harguil.com\/ar\/wp-json\/wp\/v2\/pages\/3987\/revisions\/3988"}],"wp:attachment":[{"href":"https:\/\/laboratoire-harguil.com\/ar\/wp-json\/wp\/v2\/media?parent=3987"}],"curies":[{"name":"wp","href":"https:\/\/api.w.org\/{rel}","templated":true}]}}