{"id":3990,"date":"2015-06-11T16:21:11","date_gmt":"2015-06-11T15:21:11","guid":{"rendered":"http:\/\/ws.ma\/sites\/harguil\/?page_id=3990"},"modified":"2016-05-14T11:47:53","modified_gmt":"2016-05-14T10:47:53","slug":"classification-des-analyses-en-fonction-des-bilans","status":"publish","type":"page","link":"https:\/\/laboratoire-harguil.com\/ar\/espace-pro\/classification-des-analyses-en-fonction-des-bilans\/","title":{"rendered":"\u062a\u062d\u0644\u064a\u0644 \u0627\u0644\u062a\u0635\u0646\u064a\u0641 \u0627\u0644\u0642\u0627\u0626\u0645 \u0639\u0644\u0649 \u0627\u0644\u0645\u064a\u0632\u0627\u0646\u064a\u0627\u062a \u0627\u0644\u0639\u0645\u0648\u0645\u064a\u0629"},"content":{"rendered":"<p>Ces <strong>bilans<\/strong> sont \u00e0 consid\u00e9rer comme des<strong> listes indicatives<\/strong> qui ne peuvent en aucun cas se substituer \u00e0 l\u2019examen et au raisonnement clinique.<\/p>\n<div class=\"large-12 columns \"><div class=\"large-4 columns \"><\/p>\n<ul>\n<li><a title=\"Bilan biologique d\u2019an\u00e9mie\" href=\"http:\/\/laboratoire-harguil.com\/espace-pro\/classification-des-analyses\/bilan-biologique-danemie\/\" target=\"_blank\">Bilan biologique d\u2019an\u00e9mie<\/a><\/li>\n<li><a title=\"Bilan biologique de d\u00e9nutrition\" href=\"http:\/\/laboratoire-harguil.com\/espace-pro\/classification-des-analyses\/bilan-biologique-de-denutrition\/\" target=\"_blank\">Bilan biologique de d\u00e9nutrition<\/a><\/li>\n<li><a title=\"Bilan biologique de diab\u00e8te\" href=\"http:\/\/laboratoire-harguil.com\/espace-pro\/classification-des-analyses\/bilan-biologique-de-diabete\/\" target=\"_blank\">Bilan biologique de diab\u00e8te<\/a><\/li>\n<\/ul>\n<p><\/div> <div class=\"large-4 columns \"><\/p>\n<ul>\n<li><a title=\"Bilan biologique de la grossesse\" href=\"http:\/\/laboratoire-harguil.com\/espace-pro\/classification-des-analyses\/bilan-biologique-de-la-grossesse\/\" target=\"_blank\">Bilan biologique de la grossesse<\/a><\/li>\n<li><a title=\"Bilan h\u00e9patique\" href=\"http:\/\/laboratoire-harguil.com\/espace-pro\/classification-des-analyses\/bilan-hepatique\/\" target=\"_blank\">Bilan h\u00e9patique<\/a><\/li>\n<li><a title=\"Bilan biologique d\u2019hypertension\" href=\"http:\/\/laboratoire-harguil.com\/espace-pro\/classification-des-analyses\/bilan-biologique-dhypertension\/\" target=\"_blank\">Bilan biologique d\u2019hypertension<\/a><\/li>\n<\/ul>\n<p><\/div> <div class=\"large-4 columns \"><\/p>\n<ul>\n<li><a title=\"Bilan immunitaire\" href=\"http:\/\/laboratoire-harguil.com\/espace-pro\/classification-des-analyses\/bilan-immunitaire\/\" target=\"_blank\">Bilan immunitaire<\/a><\/li>\n<li><a title=\"Bilan biologique d\u2019infarctus du myocarde\" href=\"http:\/\/laboratoire-harguil.com\/espace-pro\/classification-des-analyses\/bilan-biologique-dinfarctus-du-myocarde\/\" target=\"_blank\">Bilan biologique d\u2019infarctus du myocarde<\/a><\/li>\n<li><a title=\"Bilan biologique de l\u2019infection par VIH (sida)\" href=\"http:\/\/laboratoire-harguil.com\/espace-pro\/classification-des-analyses\/bilan-biologique-de-linfection-par-vih-sida\/\" target=\"_blank\">Bilan biologique de l\u2019infection par VIH (sida)<\/a><\/li>\n<\/ul>\n<p><\/div><\/div>\n<div class=\"large-12 columns \"><div class=\"large-4 columns \"><\/p>\n<ul>\n<li><a title=\"Bilan inflammatoire\" href=\"http:\/\/laboratoire-harguil.com\/espace-pro\/classification-des-analyses\/bilan-inflammatoire\/\" target=\"_blank\">Bilan inflammatoire<\/a><\/li>\n<li><a title=\"Bilan lipidique\" href=\"http:\/\/laboratoire-harguil.com\/espace-pro\/classification-des-analyses\/bilan-lipidique\/\" target=\"_blank\">Bilan lipidique<\/a><\/li>\n<li><a title=\"Bilan pr\u00e9op\u00e9ratoire\" href=\"http:\/\/laboratoire-harguil.com\/espace-pro\/classification-des-analyses\/bilan-preoperatoire\/\" target=\"_blank\">Bilan pr\u00e9op\u00e9ratoire<\/a><\/li>\n<\/ul>\n<p><\/div> <div class=\"large-4 columns \"><\/p>\n<ul>\n<li><a title=\"Bilan r\u00e9nal\" href=\"http:\/\/laboratoire-harguil.com\/espace-pro\/classification-des-analyses\/bilan-renal\/\" target=\"_blank\">Bilan r\u00e9nal<\/a><\/li>\n<li><a title=\"Bilan Biologique de st\u00e9rilit\u00e9 f\u00e9minine\" href=\"http:\/\/laboratoire-harguil.com\/espace-pro\/classification-des-analyses\/bilan-biologique-de-sterilite-feminine\/\" target=\"_blank\">Bilan Biologique de st\u00e9rilit\u00e9 f\u00e9minine<\/a><\/li>\n<li><a title=\"Bilan biologique de st\u00e9rilit\u00e9 masculine\" href=\"http:\/\/laboratoire-harguil.com\/espace-pro\/classification-des-analyses\/bilan-biologique-de-sterilite-masculine\/\" target=\"_blank\">Bilan biologique de st\u00e9rilit\u00e9 masculine<\/a><\/li>\n<\/ul>\n<p><\/div> <div class=\"large-4 columns \"><\/p>\n<ul>\n<li><a title=\"Bilan de thromboses r\u00e9cidivantes\/insolites\" href=\"http:\/\/laboratoire-harguil.com\/espace-pro\/classification-des-analyses\/bilan-de-thromboses-recidivantesinsolites\/\" target=\"_blank\">Bilan de thromboses r\u00e9cidivantes\/insolites<\/a><\/li>\n<li><a title=\"Bilan thyro\u00efdien\" href=\"http:\/\/laboratoire-harguil.com\/espace-pro\/classification-des-analyses\/bilan-thyroidien\/\" target=\"_blank\">Bilan thyro\u00efdien<\/a><\/li>\n<li><a href=\"http:\/\/laboratoire-harguil.com\/?p=3918\" target=\"_blank\">Bilan insuffisance ant\u00e9hypophysaire<\/a><\/li>\n<\/ul>\n<p><\/div><\/div>\n","protected":false},"excerpt":{"rendered":"<p>Ces bilans sont \u00e0 consid\u00e9rer comme des listes indicatives qui ne peuvent en aucun cas se substituer \u00e0 l\u2019examen et au raisonnement clinique.<\/p>\n","protected":false},"author":1,"featured_media":0,"parent":3987,"menu_order":0,"comment_status":"closed","ping_status":"closed","template":"","meta":{"footnotes":""},"class_list":["post-3990","page","type-page","status-publish","hentry"],"aioseo_notices":[],"yoast_head":"<!-- This site is optimized with the Yoast SEO plugin v25.8 - https:\/\/yoast.com\/wordpress\/plugins\/seo\/ -->\n<title>\u062a\u062d\u0644\u064a\u0644 \u0627\u0644\u062a\u0635\u0646\u064a\u0641 \u0627\u0644\u0642\u0627\u0626\u0645 \u0639\u0644\u0649 \u0627\u0644\u0645\u064a\u0632\u0627\u0646\u064a\u0627\u062a \u0627\u0644\u0639\u0645\u0648\u0645\u064a\u0629 - Laboratoire Harguil<\/title>\n<meta name=\"description\" content=\"Ces bilans sont \u00e0 consid\u00e9rer comme des listes indicatives qui ne peuvent en aucun cas se substituer \u00e0 l\u2019examen et au raisonnement clinique.\" \/>\n<meta name=\"robots\" content=\"index, follow, max-snippet:-1, max-image-preview:large, max-video-preview:-1\" \/>\n<link rel=\"canonical\" href=\"https:\/\/laboratoire-harguil.com\/ar\/espace-pro\/classification-des-analyses-en-fonction-des-bilans\/\" \/>\n<meta property=\"og:locale\" content=\"ar_AR\" \/>\n<meta property=\"og:type\" content=\"article\" \/>\n<meta property=\"og:title\" content=\"\u062a\u062d\u0644\u064a\u0644 \u0627\u0644\u062a\u0635\u0646\u064a\u0641 \u0627\u0644\u0642\u0627\u0626\u0645 \u0639\u0644\u0649 \u0627\u0644\u0645\u064a\u0632\u0627\u0646\u064a\u0627\u062a \u0627\u0644\u0639\u0645\u0648\u0645\u064a\u0629 - Laboratoire Harguil\" \/>\n<meta property=\"og:description\" content=\"Ces bilans sont \u00e0 consid\u00e9rer comme des listes indicatives qui ne peuvent en aucun cas se substituer \u00e0 l\u2019examen et au raisonnement clinique.\" \/>\n<meta property=\"og:url\" content=\"https:\/\/laboratoire-harguil.com\/ar\/espace-pro\/classification-des-analyses-en-fonction-des-bilans\/\" \/>\n<meta property=\"og:site_name\" content=\"Laboratoire Harguil\" \/>\n<meta property=\"article:modified_time\" content=\"2016-05-14T10:47:53+00:00\" \/>\n<meta name=\"twitter:card\" content=\"summary_large_image\" \/>\n<meta name=\"twitter:label1\" content=\"\u0648\u0642\u062a \u0627\u0644\u0642\u0631\u0627\u0621\u0629 \u0627\u0644\u0645\u064f\u0642\u062f\u0651\u0631\" \/>\n\t<meta name=\"twitter:data1\" content=\"1 \u062f\u0642\u064a\u0642\u0629\" \/>\n<script type=\"application\/ld+json\" class=\"yoast-schema-graph\">{\"@context\":\"https:\/\/schema.org\",\"@graph\":[{\"@type\":\"WebPage\",\"@id\":\"https:\/\/laboratoire-harguil.com\/ar\/espace-pro\/classification-des-analyses-en-fonction-des-bilans\/\",\"url\":\"https:\/\/laboratoire-harguil.com\/ar\/espace-pro\/classification-des-analyses-en-fonction-des-bilans\/\",\"name\":\"\u062a\u062d\u0644\u064a\u0644 \u0627\u0644\u062a\u0635\u0646\u064a\u0641 \u0627\u0644\u0642\u0627\u0626\u0645 \u0639\u0644\u0649 \u0627\u0644\u0645\u064a\u0632\u0627\u0646\u064a\u0627\u062a \u0627\u0644\u0639\u0645\u0648\u0645\u064a\u0629 - Laboratoire Harguil\",\"isPartOf\":{\"@id\":\"https:\/\/laboratoire-harguil.com\/#website\"},\"datePublished\":\"2015-06-11T15:21:11+00:00\",\"dateModified\":\"2016-05-14T10:47:53+00:00\",\"description\":\"Ces bilans sont \u00e0 consid\u00e9rer comme des listes indicatives qui ne peuvent en aucun cas se substituer \u00e0 l\u2019examen et au raisonnement clinique.\",\"breadcrumb\":{\"@id\":\"https:\/\/laboratoire-harguil.com\/ar\/espace-pro\/classification-des-analyses-en-fonction-des-bilans\/#breadcrumb\"},\"inLanguage\":\"ar\",\"potentialAction\":[{\"@type\":\"ReadAction\",\"target\":[\"https:\/\/laboratoire-harguil.com\/ar\/espace-pro\/classification-des-analyses-en-fonction-des-bilans\/\"]}]},{\"@type\":\"BreadcrumbList\",\"@id\":\"https:\/\/laboratoire-harguil.com\/ar\/espace-pro\/classification-des-analyses-en-fonction-des-bilans\/#breadcrumb\",\"itemListElement\":[{\"@type\":\"ListItem\",\"position\":1,\"name\":\"Accueil\",\"item\":\"https:\/\/laboratoire-harguil.com\/ar\/variation-1\/\"},{\"@type\":\"ListItem\",\"position\":2,\"name\":\"\u0641\u0636\u0627\u0621 \u0627\u0644\u0645\u0647\u0646\u064a\u064a\u0646\",\"item\":\"https:\/\/laboratoire-harguil.com\/ar\/espace-pro\/\"},{\"@type\":\"ListItem\",\"position\":3,\"name\":\"\u062a\u062d\u0644\u064a\u0644 \u0627\u0644\u062a\u0635\u0646\u064a\u0641 \u0627\u0644\u0642\u0627\u0626\u0645 \u0639\u0644\u0649 \u0627\u0644\u0645\u064a\u0632\u0627\u0646\u064a\u0627\u062a \u0627\u0644\u0639\u0645\u0648\u0645\u064a\u0629\"}]},{\"@type\":\"WebSite\",\"@id\":\"https:\/\/laboratoire-harguil.com\/#website\",\"url\":\"https:\/\/laboratoire-harguil.com\/\",\"name\":\"Laboratoire Harguil\",\"description\":\"Laboratoire d&#039;analyses m\u00e9dicales\",\"publisher\":{\"@id\":\"https:\/\/laboratoire-harguil.com\/#organization\"},\"potentialAction\":[{\"@type\":\"SearchAction\",\"target\":{\"@type\":\"EntryPoint\",\"urlTemplate\":\"https:\/\/laboratoire-harguil.com\/?s={search_term_string}\"},\"query-input\":{\"@type\":\"PropertyValueSpecification\",\"valueRequired\":true,\"valueName\":\"search_term_string\"}}],\"inLanguage\":\"ar\"},{\"@type\":\"Organization\",\"@id\":\"https:\/\/laboratoire-harguil.com\/#organization\",\"name\":\"Laboratoire Harguil\",\"url\":\"https:\/\/laboratoire-harguil.com\/\",\"logo\":{\"@type\":\"ImageObject\",\"inLanguage\":\"ar\",\"@id\":\"https:\/\/laboratoire-harguil.com\/#\/schema\/logo\/image\/\",\"url\":\"https:\/\/laboratoire-harguil.com\/wp-content\/uploads\/2014\/03\/logo.png\",\"contentUrl\":\"https:\/\/laboratoire-harguil.com\/wp-content\/uploads\/2014\/03\/logo.png\",\"width\":206,\"height\":142,\"caption\":\"Laboratoire Harguil\"},\"image\":{\"@id\":\"https:\/\/laboratoire-harguil.com\/#\/schema\/logo\/image\/\"}}]}<\/script>\n<!-- \/ Yoast SEO plugin. -->","yoast_head_json":{"title":"\u062a\u062d\u0644\u064a\u0644 \u0627\u0644\u062a\u0635\u0646\u064a\u0641 \u0627\u0644\u0642\u0627\u0626\u0645 \u0639\u0644\u0649 \u0627\u0644\u0645\u064a\u0632\u0627\u0646\u064a\u0627\u062a \u0627\u0644\u0639\u0645\u0648\u0645\u064a\u0629 - Laboratoire Harguil","description":"Ces bilans sont \u00e0 consid\u00e9rer comme des listes indicatives qui ne peuvent en aucun cas se substituer \u00e0 l\u2019examen et au raisonnement clinique.","robots":{"index":"index","follow":"follow","max-snippet":"max-snippet:-1","max-image-preview":"max-image-preview:large","max-video-preview":"max-video-preview:-1"},"canonical":"https:\/\/laboratoire-harguil.com\/ar\/espace-pro\/classification-des-analyses-en-fonction-des-bilans\/","og_locale":"ar_AR","og_type":"article","og_title":"\u062a\u062d\u0644\u064a\u0644 \u0627\u0644\u062a\u0635\u0646\u064a\u0641 \u0627\u0644\u0642\u0627\u0626\u0645 \u0639\u0644\u0649 \u0627\u0644\u0645\u064a\u0632\u0627\u0646\u064a\u0627\u062a \u0627\u0644\u0639\u0645\u0648\u0645\u064a\u0629 - Laboratoire Harguil","og_description":"Ces bilans sont \u00e0 consid\u00e9rer comme des listes indicatives qui ne peuvent en aucun cas se substituer \u00e0 l\u2019examen et au raisonnement clinique.","og_url":"https:\/\/laboratoire-harguil.com\/ar\/espace-pro\/classification-des-analyses-en-fonction-des-bilans\/","og_site_name":"Laboratoire Harguil","article_modified_time":"2016-05-14T10:47:53+00:00","twitter_card":"summary_large_image","twitter_misc":{"\u0648\u0642\u062a \u0627\u0644\u0642\u0631\u0627\u0621\u0629 \u0627\u0644\u0645\u064f\u0642\u062f\u0651\u0631":"1 \u062f\u0642\u064a\u0642\u0629"},"schema":{"@context":"https:\/\/schema.org","@graph":[{"@type":"WebPage","@id":"https:\/\/laboratoire-harguil.com\/ar\/espace-pro\/classification-des-analyses-en-fonction-des-bilans\/","url":"https:\/\/laboratoire-harguil.com\/ar\/espace-pro\/classification-des-analyses-en-fonction-des-bilans\/","name":"\u062a\u062d\u0644\u064a\u0644 \u0627\u0644\u062a\u0635\u0646\u064a\u0641 \u0627\u0644\u0642\u0627\u0626\u0645 \u0639\u0644\u0649 \u0627\u0644\u0645\u064a\u0632\u0627\u0646\u064a\u0627\u062a \u0627\u0644\u0639\u0645\u0648\u0645\u064a\u0629 - Laboratoire Harguil","isPartOf":{"@id":"https:\/\/laboratoire-harguil.com\/#website"},"datePublished":"2015-06-11T15:21:11+00:00","dateModified":"2016-05-14T10:47:53+00:00","description":"Ces bilans sont \u00e0 consid\u00e9rer comme des listes indicatives qui ne peuvent en aucun cas se substituer \u00e0 l\u2019examen et au raisonnement clinique.","breadcrumb":{"@id":"https:\/\/laboratoire-harguil.com\/ar\/espace-pro\/classification-des-analyses-en-fonction-des-bilans\/#breadcrumb"},"inLanguage":"ar","potentialAction":[{"@type":"ReadAction","target":["https:\/\/laboratoire-harguil.com\/ar\/espace-pro\/classification-des-analyses-en-fonction-des-bilans\/"]}]},{"@type":"BreadcrumbList","@id":"https:\/\/laboratoire-harguil.com\/ar\/espace-pro\/classification-des-analyses-en-fonction-des-bilans\/#breadcrumb","itemListElement":[{"@type":"ListItem","position":1,"name":"Accueil","item":"https:\/\/laboratoire-harguil.com\/ar\/variation-1\/"},{"@type":"ListItem","position":2,"name":"\u0641\u0636\u0627\u0621 \u0627\u0644\u0645\u0647\u0646\u064a\u064a\u0646","item":"https:\/\/laboratoire-harguil.com\/ar\/espace-pro\/"},{"@type":"ListItem","position":3,"name":"\u062a\u062d\u0644\u064a\u0644 \u0627\u0644\u062a\u0635\u0646\u064a\u0641 \u0627\u0644\u0642\u0627\u0626\u0645 \u0639\u0644\u0649 \u0627\u0644\u0645\u064a\u0632\u0627\u0646\u064a\u0627\u062a \u0627\u0644\u0639\u0645\u0648\u0645\u064a\u0629"}]},{"@type":"WebSite","@id":"https:\/\/laboratoire-harguil.com\/#website","url":"https:\/\/laboratoire-harguil.com\/","name":"Laboratoire Harguil","description":"Laboratoire d&#039;analyses m\u00e9dicales","publisher":{"@id":"https:\/\/laboratoire-harguil.com\/#organization"},"potentialAction":[{"@type":"SearchAction","target":{"@type":"EntryPoint","urlTemplate":"https:\/\/laboratoire-harguil.com\/?s={search_term_string}"},"query-input":{"@type":"PropertyValueSpecification","valueRequired":true,"valueName":"search_term_string"}}],"inLanguage":"ar"},{"@type":"Organization","@id":"https:\/\/laboratoire-harguil.com\/#organization","name":"Laboratoire Harguil","url":"https:\/\/laboratoire-harguil.com\/","logo":{"@type":"ImageObject","inLanguage":"ar","@id":"https:\/\/laboratoire-harguil.com\/#\/schema\/logo\/image\/","url":"https:\/\/laboratoire-harguil.com\/wp-content\/uploads\/2014\/03\/logo.png","contentUrl":"https:\/\/laboratoire-harguil.com\/wp-content\/uploads\/2014\/03\/logo.png","width":206,"height":142,"caption":"Laboratoire Harguil"},"image":{"@id":"https:\/\/laboratoire-harguil.com\/#\/schema\/logo\/image\/"}}]}},"_links":{"self":[{"href":"https:\/\/laboratoire-harguil.com\/ar\/wp-json\/wp\/v2\/pages\/3990","targetHints":{"allow":["GET"]}}],"collection":[{"href":"https:\/\/laboratoire-harguil.com\/ar\/wp-json\/wp\/v2\/pages"}],"about":[{"href":"https:\/\/laboratoire-harguil.com\/ar\/wp-json\/wp\/v2\/types\/page"}],"author":[{"embeddable":true,"href":"https:\/\/laboratoire-harguil.com\/ar\/wp-json\/wp\/v2\/users\/1"}],"replies":[{"embeddable":true,"href":"https:\/\/laboratoire-harguil.com\/ar\/wp-json\/wp\/v2\/comments?post=3990"}],"version-history":[{"count":3,"href":"https:\/\/laboratoire-harguil.com\/ar\/wp-json\/wp\/v2\/pages\/3990\/revisions"}],"predecessor-version":[{"id":4288,"href":"https:\/\/laboratoire-harguil.com\/ar\/wp-json\/wp\/v2\/pages\/3990\/revisions\/4288"}],"up":[{"embeddable":true,"href":"https:\/\/laboratoire-harguil.com\/ar\/wp-json\/wp\/v2\/pages\/3987"}],"wp:attachment":[{"href":"https:\/\/laboratoire-harguil.com\/ar\/wp-json\/wp\/v2\/media?parent=3990"}],"curies":[{"name":"wp","href":"https:\/\/api.w.org\/{rel}","templated":true}]}}