{"id":4003,"date":"2014-03-27T13:33:05","date_gmt":"2014-03-27T12:33:05","guid":{"rendered":"http:\/\/ws.ma\/sites\/harguil\/espace-pro\/classification-des-analyses-en-fonction-des-bilans\/bilan-de-thromboses-recidivantesinsolites\/"},"modified":"2015-06-11T16:27:32","modified_gmt":"2015-06-11T15:27:32","slug":"bilan-de-thromboses-recidivantesinsolites","status":"publish","type":"page","link":"https:\/\/laboratoire-harguil.com\/ar\/espace-pro\/classification-des-analyses-en-fonction-des-bilans\/bilan-de-thromboses-recidivantesinsolites\/","title":{"rendered":"Bilan de thromboses r\u00e9cidivantes\/insolites (Ar)"},"content":{"rendered":"<h2><b>Examens de base<\/b><\/h2>\n<ul>\n<li>Num\u00e9ration, formule, plaquettes.<\/li>\n<li>TCA (temps de c\u00e9phaline activ\u00e9).<\/li>\n<li>TCA malade + t\u00e9moin.<\/li>\n<li>TP (taux de prothrombine\/temps de Quick).<\/li>\n<li>Fibrinog\u00e8ne.<\/li>\n<li>Temps de tlirombine.<\/li>\n<li>Antithrombine III.<\/li>\n<li>Prot\u00e9ine C.<\/li>\n<li>Prot\u00e9ine S.<\/li>\n<li>R\u00e9sistance \u00e0 la prot\u00e9ine C.<\/li>\n<li>Recherche d\u2019anticoagulant circulant.<\/li>\n<li>Mutation du facteur II.<\/li>\n<li>Homocyst\u00e9ine.<\/li>\n<\/ul>\n<h2><b>Examens compl\u00e9mentaires<\/b><\/h2>\n<ul>\n<li>Facteur Leiden (Mutation Q 506 du facteur V).<\/li>\n<li>Plasminog\u00e8ne.<\/li>\n<li>Second cofacteur de l\u2019h\u00e9parine (HC II).<\/li>\n<li>TPA (activateur tissulaire du plasminog\u00e8ne).<\/li>\n<li>PAI (plasminog\u00e8ne activateurs inhibiteurs).<\/li>\n<li>Facteur XII.<\/li>\n<\/ul>\n","protected":false},"excerpt":{"rendered":"<p>Examens de base Num\u00e9ration, formule, plaquettes. TCA (temps de c\u00e9phaline activ\u00e9). TCA malade + t\u00e9moin. TP (taux de prothrombine\/temps de Quick). Fibrinog\u00e8ne. Temps de tlirombine. Antithrombine III. Prot\u00e9ine C. Prot\u00e9ine S. R\u00e9sistance \u00e0 la prot\u00e9ine C. Recherche d\u2019anticoagulant circulant. Mutation du facteur II. Homocyst\u00e9ine. Examens compl\u00e9mentaires Facteur Leiden (Mutation Q 506 du facteur V). Plasminog\u00e8ne. [&hellip;]<\/p>\n","protected":false},"author":1,"featured_media":0,"parent":3990,"menu_order":0,"comment_status":"closed","ping_status":"closed","template":"","meta":{"footnotes":""},"class_list":["post-4003","page","type-page","status-publish","hentry"],"aioseo_notices":[],"yoast_head":"<!-- This site is optimized with the Yoast SEO plugin v25.8 - https:\/\/yoast.com\/wordpress\/plugins\/seo\/ -->\n<title>Bilan de thromboses r\u00e9cidivantes\/insolites (Ar) - Laboratoire Harguil<\/title>\n<meta name=\"description\" content=\"Examens de base Num\u00e9ration, formule, plaquettes. TCA (temps de c\u00e9phaline activ\u00e9). TCA malade + t\u00e9moin. TP (taux de prothrombine\/temps de Quick).\" \/>\n<meta name=\"robots\" content=\"index, follow, max-snippet:-1, max-image-preview:large, max-video-preview:-1\" \/>\n<link rel=\"canonical\" href=\"https:\/\/laboratoire-harguil.com\/ar\/espace-pro\/classification-des-analyses-en-fonction-des-bilans\/bilan-de-thromboses-recidivantesinsolites\/\" \/>\n<meta property=\"og:locale\" content=\"ar_AR\" \/>\n<meta property=\"og:type\" content=\"article\" \/>\n<meta property=\"og:title\" content=\"Bilan de thromboses r\u00e9cidivantes\/insolites (Ar) - Laboratoire Harguil\" \/>\n<meta property=\"og:description\" content=\"Examens de base Num\u00e9ration, formule, plaquettes. TCA (temps de c\u00e9phaline activ\u00e9). TCA malade + t\u00e9moin. TP (taux de prothrombine\/temps de Quick).\" \/>\n<meta property=\"og:url\" content=\"https:\/\/laboratoire-harguil.com\/ar\/espace-pro\/classification-des-analyses-en-fonction-des-bilans\/bilan-de-thromboses-recidivantesinsolites\/\" \/>\n<meta property=\"og:site_name\" content=\"Laboratoire Harguil\" \/>\n<meta property=\"article:modified_time\" content=\"2015-06-11T15:27:32+00:00\" \/>\n<meta name=\"twitter:card\" content=\"summary_large_image\" \/>\n<script type=\"application\/ld+json\" class=\"yoast-schema-graph\">{\"@context\":\"https:\/\/schema.org\",\"@graph\":[{\"@type\":\"WebPage\",\"@id\":\"https:\/\/laboratoire-harguil.com\/ar\/espace-pro\/classification-des-analyses-en-fonction-des-bilans\/bilan-de-thromboses-recidivantesinsolites\/\",\"url\":\"https:\/\/laboratoire-harguil.com\/ar\/espace-pro\/classification-des-analyses-en-fonction-des-bilans\/bilan-de-thromboses-recidivantesinsolites\/\",\"name\":\"Bilan de thromboses r\u00e9cidivantes\/insolites (Ar) - Laboratoire Harguil\",\"isPartOf\":{\"@id\":\"https:\/\/laboratoire-harguil.com\/#website\"},\"datePublished\":\"2014-03-27T12:33:05+00:00\",\"dateModified\":\"2015-06-11T15:27:32+00:00\",\"description\":\"Examens de base Num\u00e9ration, formule, plaquettes. TCA (temps de c\u00e9phaline activ\u00e9). TCA malade + t\u00e9moin. TP (taux de prothrombine\/temps de Quick).\",\"breadcrumb\":{\"@id\":\"https:\/\/laboratoire-harguil.com\/ar\/espace-pro\/classification-des-analyses-en-fonction-des-bilans\/bilan-de-thromboses-recidivantesinsolites\/#breadcrumb\"},\"inLanguage\":\"ar\",\"potentialAction\":[{\"@type\":\"ReadAction\",\"target\":[\"https:\/\/laboratoire-harguil.com\/ar\/espace-pro\/classification-des-analyses-en-fonction-des-bilans\/bilan-de-thromboses-recidivantesinsolites\/\"]}]},{\"@type\":\"BreadcrumbList\",\"@id\":\"https:\/\/laboratoire-harguil.com\/ar\/espace-pro\/classification-des-analyses-en-fonction-des-bilans\/bilan-de-thromboses-recidivantesinsolites\/#breadcrumb\",\"itemListElement\":[{\"@type\":\"ListItem\",\"position\":1,\"name\":\"Accueil\",\"item\":\"https:\/\/laboratoire-harguil.com\/ar\/variation-1\/\"},{\"@type\":\"ListItem\",\"position\":2,\"name\":\"\u0641\u0636\u0627\u0621 \u0627\u0644\u0645\u0647\u0646\u064a\u064a\u0646\",\"item\":\"https:\/\/laboratoire-harguil.com\/ar\/espace-pro\/\"},{\"@type\":\"ListItem\",\"position\":3,\"name\":\"\u062a\u062d\u0644\u064a\u0644 \u0627\u0644\u062a\u0635\u0646\u064a\u0641 \u0627\u0644\u0642\u0627\u0626\u0645 \u0639\u0644\u0649 \u0627\u0644\u0645\u064a\u0632\u0627\u0646\u064a\u0627\u062a \u0627\u0644\u0639\u0645\u0648\u0645\u064a\u0629\",\"item\":\"https:\/\/laboratoire-harguil.com\/ar\/espace-pro\/classification-des-analyses-en-fonction-des-bilans\/\"},{\"@type\":\"ListItem\",\"position\":4,\"name\":\"Bilan de thromboses r\u00e9cidivantes\/insolites (Ar)\"}]},{\"@type\":\"WebSite\",\"@id\":\"https:\/\/laboratoire-harguil.com\/#website\",\"url\":\"https:\/\/laboratoire-harguil.com\/\",\"name\":\"Laboratoire Harguil\",\"description\":\"Laboratoire d&#039;analyses m\u00e9dicales\",\"publisher\":{\"@id\":\"https:\/\/laboratoire-harguil.com\/#organization\"},\"potentialAction\":[{\"@type\":\"SearchAction\",\"target\":{\"@type\":\"EntryPoint\",\"urlTemplate\":\"https:\/\/laboratoire-harguil.com\/?s={search_term_string}\"},\"query-input\":{\"@type\":\"PropertyValueSpecification\",\"valueRequired\":true,\"valueName\":\"search_term_string\"}}],\"inLanguage\":\"ar\"},{\"@type\":\"Organization\",\"@id\":\"https:\/\/laboratoire-harguil.com\/#organization\",\"name\":\"Laboratoire Harguil\",\"url\":\"https:\/\/laboratoire-harguil.com\/\",\"logo\":{\"@type\":\"ImageObject\",\"inLanguage\":\"ar\",\"@id\":\"https:\/\/laboratoire-harguil.com\/#\/schema\/logo\/image\/\",\"url\":\"https:\/\/laboratoire-harguil.com\/wp-content\/uploads\/2014\/03\/logo.png\",\"contentUrl\":\"https:\/\/laboratoire-harguil.com\/wp-content\/uploads\/2014\/03\/logo.png\",\"width\":206,\"height\":142,\"caption\":\"Laboratoire Harguil\"},\"image\":{\"@id\":\"https:\/\/laboratoire-harguil.com\/#\/schema\/logo\/image\/\"}}]}<\/script>\n<!-- \/ Yoast SEO plugin. -->","yoast_head_json":{"title":"Bilan de thromboses r\u00e9cidivantes\/insolites (Ar) - Laboratoire Harguil","description":"Examens de base Num\u00e9ration, formule, plaquettes. TCA (temps de c\u00e9phaline activ\u00e9). TCA malade + t\u00e9moin. TP (taux de prothrombine\/temps de Quick).","robots":{"index":"index","follow":"follow","max-snippet":"max-snippet:-1","max-image-preview":"max-image-preview:large","max-video-preview":"max-video-preview:-1"},"canonical":"https:\/\/laboratoire-harguil.com\/ar\/espace-pro\/classification-des-analyses-en-fonction-des-bilans\/bilan-de-thromboses-recidivantesinsolites\/","og_locale":"ar_AR","og_type":"article","og_title":"Bilan de thromboses r\u00e9cidivantes\/insolites (Ar) - Laboratoire Harguil","og_description":"Examens de base Num\u00e9ration, formule, plaquettes. TCA (temps de c\u00e9phaline activ\u00e9). TCA malade + t\u00e9moin. TP (taux de prothrombine\/temps de Quick).","og_url":"https:\/\/laboratoire-harguil.com\/ar\/espace-pro\/classification-des-analyses-en-fonction-des-bilans\/bilan-de-thromboses-recidivantesinsolites\/","og_site_name":"Laboratoire Harguil","article_modified_time":"2015-06-11T15:27:32+00:00","twitter_card":"summary_large_image","schema":{"@context":"https:\/\/schema.org","@graph":[{"@type":"WebPage","@id":"https:\/\/laboratoire-harguil.com\/ar\/espace-pro\/classification-des-analyses-en-fonction-des-bilans\/bilan-de-thromboses-recidivantesinsolites\/","url":"https:\/\/laboratoire-harguil.com\/ar\/espace-pro\/classification-des-analyses-en-fonction-des-bilans\/bilan-de-thromboses-recidivantesinsolites\/","name":"Bilan de thromboses r\u00e9cidivantes\/insolites (Ar) - Laboratoire Harguil","isPartOf":{"@id":"https:\/\/laboratoire-harguil.com\/#website"},"datePublished":"2014-03-27T12:33:05+00:00","dateModified":"2015-06-11T15:27:32+00:00","description":"Examens de base Num\u00e9ration, formule, plaquettes. TCA (temps de c\u00e9phaline activ\u00e9). TCA malade + t\u00e9moin. TP (taux de prothrombine\/temps de Quick).","breadcrumb":{"@id":"https:\/\/laboratoire-harguil.com\/ar\/espace-pro\/classification-des-analyses-en-fonction-des-bilans\/bilan-de-thromboses-recidivantesinsolites\/#breadcrumb"},"inLanguage":"ar","potentialAction":[{"@type":"ReadAction","target":["https:\/\/laboratoire-harguil.com\/ar\/espace-pro\/classification-des-analyses-en-fonction-des-bilans\/bilan-de-thromboses-recidivantesinsolites\/"]}]},{"@type":"BreadcrumbList","@id":"https:\/\/laboratoire-harguil.com\/ar\/espace-pro\/classification-des-analyses-en-fonction-des-bilans\/bilan-de-thromboses-recidivantesinsolites\/#breadcrumb","itemListElement":[{"@type":"ListItem","position":1,"name":"Accueil","item":"https:\/\/laboratoire-harguil.com\/ar\/variation-1\/"},{"@type":"ListItem","position":2,"name":"\u0641\u0636\u0627\u0621 \u0627\u0644\u0645\u0647\u0646\u064a\u064a\u0646","item":"https:\/\/laboratoire-harguil.com\/ar\/espace-pro\/"},{"@type":"ListItem","position":3,"name":"\u062a\u062d\u0644\u064a\u0644 \u0627\u0644\u062a\u0635\u0646\u064a\u0641 \u0627\u0644\u0642\u0627\u0626\u0645 \u0639\u0644\u0649 \u0627\u0644\u0645\u064a\u0632\u0627\u0646\u064a\u0627\u062a \u0627\u0644\u0639\u0645\u0648\u0645\u064a\u0629","item":"https:\/\/laboratoire-harguil.com\/ar\/espace-pro\/classification-des-analyses-en-fonction-des-bilans\/"},{"@type":"ListItem","position":4,"name":"Bilan de thromboses r\u00e9cidivantes\/insolites (Ar)"}]},{"@type":"WebSite","@id":"https:\/\/laboratoire-harguil.com\/#website","url":"https:\/\/laboratoire-harguil.com\/","name":"Laboratoire Harguil","description":"Laboratoire d&#039;analyses m\u00e9dicales","publisher":{"@id":"https:\/\/laboratoire-harguil.com\/#organization"},"potentialAction":[{"@type":"SearchAction","target":{"@type":"EntryPoint","urlTemplate":"https:\/\/laboratoire-harguil.com\/?s={search_term_string}"},"query-input":{"@type":"PropertyValueSpecification","valueRequired":true,"valueName":"search_term_string"}}],"inLanguage":"ar"},{"@type":"Organization","@id":"https:\/\/laboratoire-harguil.com\/#organization","name":"Laboratoire Harguil","url":"https:\/\/laboratoire-harguil.com\/","logo":{"@type":"ImageObject","inLanguage":"ar","@id":"https:\/\/laboratoire-harguil.com\/#\/schema\/logo\/image\/","url":"https:\/\/laboratoire-harguil.com\/wp-content\/uploads\/2014\/03\/logo.png","contentUrl":"https:\/\/laboratoire-harguil.com\/wp-content\/uploads\/2014\/03\/logo.png","width":206,"height":142,"caption":"Laboratoire Harguil"},"image":{"@id":"https:\/\/laboratoire-harguil.com\/#\/schema\/logo\/image\/"}}]}},"_links":{"self":[{"href":"https:\/\/laboratoire-harguil.com\/ar\/wp-json\/wp\/v2\/pages\/4003","targetHints":{"allow":["GET"]}}],"collection":[{"href":"https:\/\/laboratoire-harguil.com\/ar\/wp-json\/wp\/v2\/pages"}],"about":[{"href":"https:\/\/laboratoire-harguil.com\/ar\/wp-json\/wp\/v2\/types\/page"}],"author":[{"embeddable":true,"href":"https:\/\/laboratoire-harguil.com\/ar\/wp-json\/wp\/v2\/users\/1"}],"replies":[{"embeddable":true,"href":"https:\/\/laboratoire-harguil.com\/ar\/wp-json\/wp\/v2\/comments?post=4003"}],"version-history":[{"count":1,"href":"https:\/\/laboratoire-harguil.com\/ar\/wp-json\/wp\/v2\/pages\/4003\/revisions"}],"predecessor-version":[{"id":4012,"href":"https:\/\/laboratoire-harguil.com\/ar\/wp-json\/wp\/v2\/pages\/4003\/revisions\/4012"}],"up":[{"embeddable":true,"href":"https:\/\/laboratoire-harguil.com\/ar\/wp-json\/wp\/v2\/pages\/3990"}],"wp:attachment":[{"href":"https:\/\/laboratoire-harguil.com\/ar\/wp-json\/wp\/v2\/media?parent=4003"}],"curies":[{"name":"wp","href":"https:\/\/api.w.org\/{rel}","templated":true}]}}