{"id":4019,"date":"2014-03-27T13:29:26","date_gmt":"2014-03-27T12:29:26","guid":{"rendered":"http:\/\/ws.ma\/sites\/harguil\/espace-pro\/classification-des-analyses-en-fonction-des-bilans\/bilan-renal\/"},"modified":"2015-06-11T16:38:11","modified_gmt":"2015-06-11T15:38:11","slug":"bilan-renal","status":"publish","type":"page","link":"https:\/\/laboratoire-harguil.com\/ar\/espace-pro\/classification-des-analyses-en-fonction-des-bilans\/bilan-renal\/","title":{"rendered":"Bilan r\u00e9nal (Ar)"},"content":{"rendered":"<h2>Examens de base<\/h2>\n<ul>\n<li>Ur\u00e9e.<\/li>\n<li>Cr\u00e9atinine.<\/li>\n<li>Cr\u00e9atinine urinaire.<\/li>\n<li>Clairance de la cr\u00e9atinine.<\/li>\n<\/ul>\n<h2><b>Examens compl\u00e9mentaires<\/b><b><\/b><\/h2>\n<ul>\n<li>Num\u00e9ration, formule, plaquettes.<\/li>\n<li>R\u00e9ticulocytes.<\/li>\n<li>Glucose<\/li>\n<li>Ur\u00e9e.<\/li>\n<li>Ur\u00e9e urinaire.<\/li>\n<li>Ionogramme sanguin.<\/li>\n<li>Sodium urinaire.<\/li>\n<li>Potassium urinaire.<\/li>\n<li>Cholest\u00e9rol.<\/li>\n<li>Triglyc\u00e9rides.<\/li>\n<li>Microalbuminurie.<\/li>\n<li>Acide urique.<\/li>\n<li>Calcium.<\/li>\n<li>Phosphore.<\/li>\n<li>Prot\u00e9ines s\u00e9riques.<\/li>\n<li>Prot\u00e9ines urinaires.<\/li>\n<li>Parathormone (PTH).<\/li>\n<li>Aluminium.<\/li>\n<li>\u00c9rythropo\u00ef\u00e9tine.<\/li>\n<li>B\u00eata-2 microglobuline.<\/li>\n<li>\u00c9lectrophor\u00e8se des prot\u00e9ines.<\/li>\n<li>ECBU (examen cytobact\u00e9riologique des urines).<\/li>\n<\/ul>\n<p>&nbsp;<\/p>\n<p>&nbsp;<\/p>\n<p>&nbsp;<\/p>\n","protected":false},"excerpt":{"rendered":"<p>Examens de base Ur\u00e9e. Cr\u00e9atinine. Cr\u00e9atinine urinaire. Clairance de la cr\u00e9atinine. Examens compl\u00e9mentaires Num\u00e9ration, formule, plaquettes. R\u00e9ticulocytes. Glucose Ur\u00e9e. Ur\u00e9e urinaire. Ionogramme sanguin. Sodium urinaire. Potassium urinaire. Cholest\u00e9rol. Triglyc\u00e9rides. Microalbuminurie. Acide urique. Calcium. Phosphore. Prot\u00e9ines s\u00e9riques. Prot\u00e9ines urinaires. Parathormone (PTH). Aluminium. \u00c9rythropo\u00ef\u00e9tine. B\u00eata-2 microglobuline. \u00c9lectrophor\u00e8se des prot\u00e9ines. ECBU (examen cytobact\u00e9riologique des urines). &nbsp; &nbsp; &nbsp;<\/p>\n","protected":false},"author":1,"featured_media":0,"parent":3990,"menu_order":0,"comment_status":"closed","ping_status":"closed","template":"","meta":{"footnotes":""},"class_list":["post-4019","page","type-page","status-publish","hentry"],"aioseo_notices":[],"yoast_head":"<!-- This site is optimized with the Yoast SEO plugin v25.8 - https:\/\/yoast.com\/wordpress\/plugins\/seo\/ -->\n<title>Bilan r\u00e9nal (Ar) - Laboratoire Harguil<\/title>\n<meta name=\"description\" content=\"Examens de base Ur\u00e9e. Cr\u00e9atinine. Cr\u00e9atinine urinaire. Clairance de la cr\u00e9atinine. Examens compl\u00e9mentaires Num\u00e9ration, formule, plaquettes. R\u00e9ticulocytes.\" \/>\n<meta name=\"robots\" content=\"index, follow, max-snippet:-1, max-image-preview:large, max-video-preview:-1\" \/>\n<link rel=\"canonical\" href=\"https:\/\/laboratoire-harguil.com\/ar\/espace-pro\/classification-des-analyses-en-fonction-des-bilans\/bilan-renal\/\" \/>\n<meta property=\"og:locale\" content=\"ar_AR\" \/>\n<meta property=\"og:type\" content=\"article\" \/>\n<meta property=\"og:title\" content=\"Bilan r\u00e9nal (Ar) - Laboratoire Harguil\" \/>\n<meta property=\"og:description\" content=\"Examens de base Ur\u00e9e. Cr\u00e9atinine. Cr\u00e9atinine urinaire. Clairance de la cr\u00e9atinine. Examens compl\u00e9mentaires Num\u00e9ration, formule, plaquettes. R\u00e9ticulocytes.\" \/>\n<meta property=\"og:url\" content=\"https:\/\/laboratoire-harguil.com\/ar\/espace-pro\/classification-des-analyses-en-fonction-des-bilans\/bilan-renal\/\" \/>\n<meta property=\"og:site_name\" content=\"Laboratoire Harguil\" \/>\n<meta property=\"article:modified_time\" content=\"2015-06-11T15:38:11+00:00\" \/>\n<meta name=\"twitter:card\" content=\"summary_large_image\" \/>\n<script type=\"application\/ld+json\" class=\"yoast-schema-graph\">{\"@context\":\"https:\/\/schema.org\",\"@graph\":[{\"@type\":\"WebPage\",\"@id\":\"https:\/\/laboratoire-harguil.com\/ar\/espace-pro\/classification-des-analyses-en-fonction-des-bilans\/bilan-renal\/\",\"url\":\"https:\/\/laboratoire-harguil.com\/ar\/espace-pro\/classification-des-analyses-en-fonction-des-bilans\/bilan-renal\/\",\"name\":\"Bilan r\u00e9nal (Ar) - Laboratoire Harguil\",\"isPartOf\":{\"@id\":\"https:\/\/laboratoire-harguil.com\/#website\"},\"datePublished\":\"2014-03-27T12:29:26+00:00\",\"dateModified\":\"2015-06-11T15:38:11+00:00\",\"description\":\"Examens de base Ur\u00e9e. Cr\u00e9atinine. Cr\u00e9atinine urinaire. Clairance de la cr\u00e9atinine. Examens compl\u00e9mentaires Num\u00e9ration, formule, plaquettes. R\u00e9ticulocytes.\",\"breadcrumb\":{\"@id\":\"https:\/\/laboratoire-harguil.com\/ar\/espace-pro\/classification-des-analyses-en-fonction-des-bilans\/bilan-renal\/#breadcrumb\"},\"inLanguage\":\"ar\",\"potentialAction\":[{\"@type\":\"ReadAction\",\"target\":[\"https:\/\/laboratoire-harguil.com\/ar\/espace-pro\/classification-des-analyses-en-fonction-des-bilans\/bilan-renal\/\"]}]},{\"@type\":\"BreadcrumbList\",\"@id\":\"https:\/\/laboratoire-harguil.com\/ar\/espace-pro\/classification-des-analyses-en-fonction-des-bilans\/bilan-renal\/#breadcrumb\",\"itemListElement\":[{\"@type\":\"ListItem\",\"position\":1,\"name\":\"Accueil\",\"item\":\"https:\/\/laboratoire-harguil.com\/ar\/variation-1\/\"},{\"@type\":\"ListItem\",\"position\":2,\"name\":\"\u0641\u0636\u0627\u0621 \u0627\u0644\u0645\u0647\u0646\u064a\u064a\u0646\",\"item\":\"https:\/\/laboratoire-harguil.com\/ar\/espace-pro\/\"},{\"@type\":\"ListItem\",\"position\":3,\"name\":\"\u062a\u062d\u0644\u064a\u0644 \u0627\u0644\u062a\u0635\u0646\u064a\u0641 \u0627\u0644\u0642\u0627\u0626\u0645 \u0639\u0644\u0649 \u0627\u0644\u0645\u064a\u0632\u0627\u0646\u064a\u0627\u062a \u0627\u0644\u0639\u0645\u0648\u0645\u064a\u0629\",\"item\":\"https:\/\/laboratoire-harguil.com\/ar\/espace-pro\/classification-des-analyses-en-fonction-des-bilans\/\"},{\"@type\":\"ListItem\",\"position\":4,\"name\":\"Bilan r\u00e9nal (Ar)\"}]},{\"@type\":\"WebSite\",\"@id\":\"https:\/\/laboratoire-harguil.com\/#website\",\"url\":\"https:\/\/laboratoire-harguil.com\/\",\"name\":\"Laboratoire Harguil\",\"description\":\"Laboratoire d&#039;analyses m\u00e9dicales\",\"publisher\":{\"@id\":\"https:\/\/laboratoire-harguil.com\/#organization\"},\"potentialAction\":[{\"@type\":\"SearchAction\",\"target\":{\"@type\":\"EntryPoint\",\"urlTemplate\":\"https:\/\/laboratoire-harguil.com\/?s={search_term_string}\"},\"query-input\":{\"@type\":\"PropertyValueSpecification\",\"valueRequired\":true,\"valueName\":\"search_term_string\"}}],\"inLanguage\":\"ar\"},{\"@type\":\"Organization\",\"@id\":\"https:\/\/laboratoire-harguil.com\/#organization\",\"name\":\"Laboratoire Harguil\",\"url\":\"https:\/\/laboratoire-harguil.com\/\",\"logo\":{\"@type\":\"ImageObject\",\"inLanguage\":\"ar\",\"@id\":\"https:\/\/laboratoire-harguil.com\/#\/schema\/logo\/image\/\",\"url\":\"https:\/\/laboratoire-harguil.com\/wp-content\/uploads\/2014\/03\/logo.png\",\"contentUrl\":\"https:\/\/laboratoire-harguil.com\/wp-content\/uploads\/2014\/03\/logo.png\",\"width\":206,\"height\":142,\"caption\":\"Laboratoire Harguil\"},\"image\":{\"@id\":\"https:\/\/laboratoire-harguil.com\/#\/schema\/logo\/image\/\"}}]}<\/script>\n<!-- \/ Yoast SEO plugin. -->","yoast_head_json":{"title":"Bilan r\u00e9nal (Ar) - Laboratoire Harguil","description":"Examens de base Ur\u00e9e. Cr\u00e9atinine. Cr\u00e9atinine urinaire. Clairance de la cr\u00e9atinine. Examens compl\u00e9mentaires Num\u00e9ration, formule, plaquettes. R\u00e9ticulocytes.","robots":{"index":"index","follow":"follow","max-snippet":"max-snippet:-1","max-image-preview":"max-image-preview:large","max-video-preview":"max-video-preview:-1"},"canonical":"https:\/\/laboratoire-harguil.com\/ar\/espace-pro\/classification-des-analyses-en-fonction-des-bilans\/bilan-renal\/","og_locale":"ar_AR","og_type":"article","og_title":"Bilan r\u00e9nal (Ar) - Laboratoire Harguil","og_description":"Examens de base Ur\u00e9e. Cr\u00e9atinine. Cr\u00e9atinine urinaire. Clairance de la cr\u00e9atinine. Examens compl\u00e9mentaires Num\u00e9ration, formule, plaquettes. R\u00e9ticulocytes.","og_url":"https:\/\/laboratoire-harguil.com\/ar\/espace-pro\/classification-des-analyses-en-fonction-des-bilans\/bilan-renal\/","og_site_name":"Laboratoire Harguil","article_modified_time":"2015-06-11T15:38:11+00:00","twitter_card":"summary_large_image","schema":{"@context":"https:\/\/schema.org","@graph":[{"@type":"WebPage","@id":"https:\/\/laboratoire-harguil.com\/ar\/espace-pro\/classification-des-analyses-en-fonction-des-bilans\/bilan-renal\/","url":"https:\/\/laboratoire-harguil.com\/ar\/espace-pro\/classification-des-analyses-en-fonction-des-bilans\/bilan-renal\/","name":"Bilan r\u00e9nal (Ar) - Laboratoire Harguil","isPartOf":{"@id":"https:\/\/laboratoire-harguil.com\/#website"},"datePublished":"2014-03-27T12:29:26+00:00","dateModified":"2015-06-11T15:38:11+00:00","description":"Examens de base Ur\u00e9e. Cr\u00e9atinine. Cr\u00e9atinine urinaire. Clairance de la cr\u00e9atinine. Examens compl\u00e9mentaires Num\u00e9ration, formule, plaquettes. R\u00e9ticulocytes.","breadcrumb":{"@id":"https:\/\/laboratoire-harguil.com\/ar\/espace-pro\/classification-des-analyses-en-fonction-des-bilans\/bilan-renal\/#breadcrumb"},"inLanguage":"ar","potentialAction":[{"@type":"ReadAction","target":["https:\/\/laboratoire-harguil.com\/ar\/espace-pro\/classification-des-analyses-en-fonction-des-bilans\/bilan-renal\/"]}]},{"@type":"BreadcrumbList","@id":"https:\/\/laboratoire-harguil.com\/ar\/espace-pro\/classification-des-analyses-en-fonction-des-bilans\/bilan-renal\/#breadcrumb","itemListElement":[{"@type":"ListItem","position":1,"name":"Accueil","item":"https:\/\/laboratoire-harguil.com\/ar\/variation-1\/"},{"@type":"ListItem","position":2,"name":"\u0641\u0636\u0627\u0621 \u0627\u0644\u0645\u0647\u0646\u064a\u064a\u0646","item":"https:\/\/laboratoire-harguil.com\/ar\/espace-pro\/"},{"@type":"ListItem","position":3,"name":"\u062a\u062d\u0644\u064a\u0644 \u0627\u0644\u062a\u0635\u0646\u064a\u0641 \u0627\u0644\u0642\u0627\u0626\u0645 \u0639\u0644\u0649 \u0627\u0644\u0645\u064a\u0632\u0627\u0646\u064a\u0627\u062a \u0627\u0644\u0639\u0645\u0648\u0645\u064a\u0629","item":"https:\/\/laboratoire-harguil.com\/ar\/espace-pro\/classification-des-analyses-en-fonction-des-bilans\/"},{"@type":"ListItem","position":4,"name":"Bilan r\u00e9nal (Ar)"}]},{"@type":"WebSite","@id":"https:\/\/laboratoire-harguil.com\/#website","url":"https:\/\/laboratoire-harguil.com\/","name":"Laboratoire Harguil","description":"Laboratoire d&#039;analyses m\u00e9dicales","publisher":{"@id":"https:\/\/laboratoire-harguil.com\/#organization"},"potentialAction":[{"@type":"SearchAction","target":{"@type":"EntryPoint","urlTemplate":"https:\/\/laboratoire-harguil.com\/?s={search_term_string}"},"query-input":{"@type":"PropertyValueSpecification","valueRequired":true,"valueName":"search_term_string"}}],"inLanguage":"ar"},{"@type":"Organization","@id":"https:\/\/laboratoire-harguil.com\/#organization","name":"Laboratoire Harguil","url":"https:\/\/laboratoire-harguil.com\/","logo":{"@type":"ImageObject","inLanguage":"ar","@id":"https:\/\/laboratoire-harguil.com\/#\/schema\/logo\/image\/","url":"https:\/\/laboratoire-harguil.com\/wp-content\/uploads\/2014\/03\/logo.png","contentUrl":"https:\/\/laboratoire-harguil.com\/wp-content\/uploads\/2014\/03\/logo.png","width":206,"height":142,"caption":"Laboratoire Harguil"},"image":{"@id":"https:\/\/laboratoire-harguil.com\/#\/schema\/logo\/image\/"}}]}},"_links":{"self":[{"href":"https:\/\/laboratoire-harguil.com\/ar\/wp-json\/wp\/v2\/pages\/4019","targetHints":{"allow":["GET"]}}],"collection":[{"href":"https:\/\/laboratoire-harguil.com\/ar\/wp-json\/wp\/v2\/pages"}],"about":[{"href":"https:\/\/laboratoire-harguil.com\/ar\/wp-json\/wp\/v2\/types\/page"}],"author":[{"embeddable":true,"href":"https:\/\/laboratoire-harguil.com\/ar\/wp-json\/wp\/v2\/users\/1"}],"replies":[{"embeddable":true,"href":"https:\/\/laboratoire-harguil.com\/ar\/wp-json\/wp\/v2\/comments?post=4019"}],"version-history":[{"count":1,"href":"https:\/\/laboratoire-harguil.com\/ar\/wp-json\/wp\/v2\/pages\/4019\/revisions"}],"predecessor-version":[{"id":4026,"href":"https:\/\/laboratoire-harguil.com\/ar\/wp-json\/wp\/v2\/pages\/4019\/revisions\/4026"}],"up":[{"embeddable":true,"href":"https:\/\/laboratoire-harguil.com\/ar\/wp-json\/wp\/v2\/pages\/3990"}],"wp:attachment":[{"href":"https:\/\/laboratoire-harguil.com\/ar\/wp-json\/wp\/v2\/media?parent=4019"}],"curies":[{"name":"wp","href":"https:\/\/api.w.org\/{rel}","templated":true}]}}