{"id":4035,"date":"2014-01-22T11:32:22","date_gmt":"2014-01-22T10:32:22","guid":{"rendered":"http:\/\/ws.ma\/sites\/harguil\/espace-patient-2\/"},"modified":"2015-08-29T10:23:40","modified_gmt":"2015-08-29T09:23:40","slug":"espace-patient","status":"publish","type":"page","link":"https:\/\/laboratoire-harguil.com\/ar\/espace-patient\/","title":{"rendered":"\u0641\u0636\u0627\u0621 \u0627\u0644\u0632\u0648\u0627\u0631"},"content":{"rendered":"<ul class=\"accordion\" id=\"accordion3495\">\t\t\t\n\t\t\t<li>\n\t\t\t\t<div class=\"handle\"><span><i><\/i><\/span><a href=\"#\">L\u2019accueil au laboratoire<\/a><\/div>\n\t\t\t\t<div class=\"panel loading\">\n\t\t\t\t\t<p>L\u2019accueil au sein du Laboratoire de Biologie M\u00e9dicale <span style=\"color: #000000;\">HARGUIL<\/span> est parfaitement personnalis\u00e9 ; Trois secr\u00e9taires m\u00e9dicales sont \u00e0 votre \u00e9coute dans le respect total de la confidentialit\u00e9; Nous vous garantissons :<\/p>\n<ul>\n<li>Accueil personnalis\u00e9<\/li>\n<li>Le sens de l\u2019\u00e9coute<\/li>\n<li>La r\u00e9ponse \u00e0 toutes vos questions<\/li>\n<li>Le conseil pour vous \u00e9clairer sur nos prestations<\/li>\n<li>La discr\u00e9tion totale gr\u00e2ce \u00e0 des s\u00e9parations vitr\u00e9es au niveau du comptoir d\u2019accueil<\/li>\n<\/ul>\n<p><\/p>\n\t\t\t\t<\/div>\n           <\/li>\n\t\t\t\n\t\t\t<li>\n\t\t\t\t<div class=\"handle\"><span><i><\/i><\/span><a href=\"#\">Prise en charge administrative<\/a><\/div>\n\t\t\t\t<div class=\"panel loading\">\n\t\t\t\t\t<p>Une secr\u00e9taire m\u00e9dicale vous re\u00e7oit et enregistre votre dossier personnalis\u00e9. Pour cela, vous devez vous munir de :<\/p>\n<ul>\n<li>Une pi\u00e8ce d\u2019identit\u00e9 pour mieux assurer votre identification\u00a0 (une identification pr\u00e9cise permet d&#8217;\u00e9viter les risques d&#8217;erreur li\u00e9s aux homonymes).<\/li>\n<li>Votre carte de mutuelle ou autre si existante.<\/li>\n<li>L\u2019ordonnance de votre m\u00e9decin si existante.<\/li>\n<\/ul>\n<p><\/p>\n\t\t\t\t<\/div>\n           <\/li>\n\t\t\t\n\t\t\t<li>\n\t\t\t\t<div class=\"handle\"><span><i><\/i><\/span><a href=\"#\">Les pr\u00e9conisations pour vos pr\u00e9l\u00e8vements<\/a><\/div>\n\t\t\t\t<div class=\"panel loading\">\n\t\t\t\t\t<p><\/p>\n<ul class=\"pdf\">\n<li><a title=\"Voir\" href=\"\/wp-content\/docs\/recueil-des-urines-de-24-heures.pdf\" target=\"_blank\">Recueil des urines de 24h\u00a0<\/a><\/li>\n<li><a href=\"\/wp-content\/docs\/recueil-des-urines-pour-un-compte-d-Addis.pdf\" target=\"_blank\">Recueil des urines pour un compte d\u2019Addis<\/a><\/li>\n<li><a href=\"\/wp-content\/docs\/recueil-d-urines-pour-ECBU.pdf\" target=\"_blank\">Recueil des urines pour ECBU<\/a><\/li>\n<li><a href=\"\/wp-content\/docs\/recueil-des-urines-apres-pose-d-un-sac-collecteur.pdf\" target=\"_blank\">Recueil des urines apr\u00e8s pose d&#8217;un sac collecteur<\/a><\/li>\n<li><a href=\"\/wp-content\/docs\/recueil-d-urines-pour-recherche-de-BK.pdf\" target=\"_blank\">Recueil des urines pour la recherche de bk dans les urines<\/a><\/li>\n<li><a href=\"\/wp-content\/docs\/recueil-des-selles-coproculture.pdf\" target=\"_blank\">Recueil des selles pour examen coproculture et examen parasitologique des selles<\/a><\/li>\n<li><a href=\"\/wp-content\/docs\/recueil-des-selles-pour-recherche-de-sang.pdf\" target=\"_blank\">Recueil des selles recherche de sang dans les selles<\/a><\/li>\n<li><a href=\"\/wp-content\/docs\/recueil-des-expectorations.pdf\" target=\"_blank\">Recueil des expectorations<\/a><\/li>\n<li><a href=\"\/wp-content\/docs\/recueil-de-sperme-au-laboratoire.pdf\" target=\"_blank\">Recueil de sperme au laboratoire<\/a><\/li>\n<li><a href=\"\/wp-content\/docs\/recueil-de-sperme-a-domicile.pdf\" target=\"_blank\">Recueil de sperme a domicile<\/a><\/li>\n<li><a href=\"\/wp-content\/docs\/Le-skotch-test.pdf\" target=\"_blank\">Scotch test<\/a><\/li>\n<li><a href=\"\/wp-content\/docs\/prelevement-de-gorge.pdf\" target=\"_blank\">Pr\u00e9l\u00e8vement de gorge<\/a><\/li>\n<li><a href=\"\/wp-content\/docs\/hemocultures.pdf\" target=\"_blank\">H\u00e9mocultures<\/a><\/li>\n<li><a href=\"\/wp-content\/docs\/analyses-sanguines-necessitant-un-regime.pdf\" target=\"_blank\">Analyses sanguines n\u00e9cessitant un r\u00e9gime particulier<\/a><\/li>\n<\/ul>\n<p>Il est <strong>indispensable<\/strong> d\u2019observer, pour <strong>certains examens<\/strong> de biologie m\u00e9dicale, une <strong>p\u00e9riode de je\u00fbne avant la prise de sang<\/strong> (12 heures) :<\/p>\n<ul>\n<li>Acide lactique<\/li>\n<li>Apo A1 et B<\/li>\n<li>Cholest\u00e9rol<\/li>\n<li>Cross laps<\/li>\n<li>Folates (Vitamine B9)<\/li>\n<li>Glyc\u00e9mie<\/li>\n<li>Triglyc\u00e9rides<\/li>\n<\/ul>\n<p><\/p>\n\t\t\t\t<\/div>\n           <\/li>\n\t\t\t\n\t\t\t<li>\n\t\t\t\t<div class=\"handle\"><span><i><\/i><\/span><a href=\"#\">Les pr\u00e9l\u00e8vements effectu\u00e9s par le patient<\/a><\/div>\n\t\t\t\t<div class=\"panel loading\">\n\t\t\t\t\t<p>Si vous devez effectuer vous-m\u00eame un pr\u00e9l\u00e8vement (selles, urines, crachat, etc.), nous vous remettrons les r\u00e9cipients ad\u00e9quats de recueil ainsi que les pr\u00e9conisations \u00e9ventuelles \u00e0 suivre.<\/p>\n<p>Si vous d\u00e9posez un pr\u00e9l\u00e8vement effectu\u00e9 \u00e0 votre domicile ou au cabinet m\u00e9dical, nous vous remercions de bien vouloir \u00e9crire lisiblement <strong><span style=\"text-decoration: underline;\">vos noms, pr\u00e9noms et date de naissance sur tous les flacons<\/span><\/strong>. Renseigner \u00e9galement, sur la fiche de pr\u00e9l\u00e8vement les renseignements cliniques et l\u2019heure de pr\u00e9l\u00e8vement indispensables \u00e0 la bonne interpr\u00e9tation de vos r\u00e9sultats.<\/p>\n<p>Les pr\u00e9l\u00e8vements doivent \u00eatre apport\u00e9s le plus rapidement possible au laboratoire, accompagn\u00e9s de l\u2019ordonnance.<br \/>\nVous trouverez les pr\u00e9conisations sur notre manuel de pr\u00e9l\u00e8vement (disponible sur notre page d\u2019accueil)<\/p>\n<p><\/p>\n\t\t\t\t<\/div>\n           <\/li>\n\t\t\t\n\t\t\t<li>\n\t\t\t\t<div class=\"handle\"><span><i><\/i><\/span><a href=\"#\"> R\u00e9alisation de vos analyses<\/a><\/div>\n\t\t\t\t<div class=\"panel loading\">\n\t\t\t\t\t<p>Les techniciens du Laboratoire de Biologie M\u00e9dicale<span style=\"color: #000000;\">\u00a0<\/span><span style=\"color: #0e9a3c;\"><span style=\"color: #000000;\"><strong>HARGUIL<\/strong><\/span>\u00a0<\/span>qui sont habilit\u00e9s \u00e0 effectuer les pr\u00e9l\u00e8vements sont form\u00e9s au respect des r\u00e8gles universelles d\u2019hygi\u00e8ne\u00a0(mat\u00e9riel st\u00e9rile \u00e0 usage unique, lavage des mains, \u2026etc.).<\/p>\n<p>Un investissement permanent est aussi orient\u00e9 vers\u00a0 des \u00e9quipements automatis\u00e9s, dot\u00e9s d\u2019une technologie de pointe, tous connect\u00e9s \u00e0 une informatique s\u00e9curis\u00e9e pour limiter la manipulation humaine et garantir la fiabilit\u00e9 des r\u00e9sultats.<\/p>\n<p>Le Laboratoire de Biologie M\u00e9dical<span style=\"color: #000000;\">\u00a0<\/span><span style=\"color: #0e9a3c;\"><span style=\"color: #000000;\">HARGUIL<\/span>\u00a0<\/span>est actuellement engag\u00e9 dans une d\u00e9marche qualit\u00e9 selon la norme internationale\u00a0\u00a0<strong>NM EN ISO 15189<\/strong>.<\/p>\n<p>Cette norme sp\u00e9cifie les<strong> exigences de management qualit\u00e9 et de comp\u00e9tence dans le domaine des analyses de biologie m\u00e9dicale.<\/strong><\/p>\n<p><\/p>\n\t\t\t\t<\/div>\n           <\/li>\n\t\t\t\n\t\t\t<li>\n\t\t\t\t<div class=\"handle\"><span><i><\/i><\/span><a href=\"#\">Le rendu du r\u00e9sultat<\/a><\/div>\n\t\t\t\t<div class=\"panel loading\">\n\t\t\t\t\t<p><\/p>\n<p>Le <a title=\"Catalogue des analyses\/Tarification\" href=\"http:\/\/laboratoire-harguil.com\/catalogue-des-analyses\/\" target=\"_blank\">d\u00e9lai de rendu des r\u00e9sultats est de quelques heures<\/a> pour la grande majorit\u00e9 des analyses. Il peut \u00eatre cependant beaucoup plus long en fonction des analyses demand\u00e9es.<br \/>\nN&#8217;h\u00e9sitez pas \u00e0 poser la question \u00e0 la secr\u00e9taire m\u00e9dicale qui s\u2019est charg\u00e9e de votre dossier&#8230;<\/p>\n<p>Ce d\u00e9lai est ramen\u00e9 \u00e0 <strong>3 heures pour les examens d&#8217;urgence<\/strong>.<\/p>\n<p>Vous avez la possibilit\u00e9 de consulter vos r\u00e9sultats sur le serveur de r\u00e9sultat en vous connectant directement sur internet ; vous utiliserez, pour cela, l\u2019identifiant et le mot de passe qui vous a \u00e9t\u00e9 remis par la secr\u00e9taire m\u00e9dicale qui s\u2019est charg\u00e9e de votre dossier.<\/p>\n<p>Au laboratoire, le compte-rendu d\u2019analyses est remis sous enveloppe :<\/p>\n<ul>\n<li>Soit au patient<\/li>\n<li>Soit \u00e0 une tierce personne majeure mandat\u00e9e par le patient. Ces derniers devront \u00eatre munis du formulaire de remise de r\u00e9sultat qui leur sera remis par la secr\u00e9taire ou par le pr\u00e9leveur du laboratoire.<\/li>\n<\/ul>\n<p><strong>N.B\u00a0:<\/strong> En cas de r\u00e9sultats pathologiques urgents, votre m\u00e9decin est pr\u00e9venu sans d\u00e9lai par t\u00e9l\u00e9phone.<\/p>\n<p><\/p>\n\t\t\t\t<\/div>\n           <\/li>\n\t\t\t\n\t\t\t<li>\n\t\t\t\t<div class=\"handle\"><span><i><\/i><\/span><a href=\"#\">Les conditions de r\u00e8glement<\/a><\/div>\n\t\t\t\t<div class=\"panel loading\">\n\t\t\t\t\t<p>Vos analyses sont \u00e0 r\u00e9gler directement dans le laboratoire aupr\u00e8s de la secr\u00e9taire m\u00e9dicale:<\/p>\n<ul>\n<li>En esp\u00e8ces.<\/li>\n<li>Par ch\u00e8que bancaire.<\/li>\n<li>Par carte bancaire (VISA, MASTERCARD\u2026.)<\/li>\n<\/ul>\n<p>Le laboratoire est conventionn\u00e9 avec des organismes, tels que : CMIM, ONEE. Les personnes relevant de ces organismes ne r\u00e8glent pas les honoraires pris en charge dans ce cadre.<\/p>\n<p><\/p>\n\t\t\t\t<\/div>\n           <\/li>\n\t\t\t\n\t\t\t<li>\n\t\t\t\t<div class=\"handle\"><span><i><\/i><\/span><a href=\"#\">La confidentialit\u00e9 au laboratoire<\/a><\/div>\n\t\t\t\t<div class=\"panel loading\">\n\t\t\t\t\t<p>Dans le Laboratoire de Biologie M\u00e9dicale <span style=\"color: #0e9a3c;\">HARGUIL<\/span>, toute l\u2019activit\u00e9 est r\u00e9gie par le secret m\u00e9dical : de l\u2019accueil personnalis\u00e9 jusqu\u2019\u00e0 la remise des r\u00e9sultats, les renseignements et donn\u00e9es concernant nos patients sont strictement confidentiels.<\/p>\n<p>Afin de vous accueillir dans les meilleures conditions garantissant votre confort, votre s\u00e9curit\u00e9 et toute la confidentialit\u00e9 n\u00e9cessaire, le Laboratoire de Biologie M\u00e9dicale <span style=\"color: #0e9a3c;\">HARGUIL<\/span> a mis en \u0153uvre des moyens importants et modernes :<\/p>\n<ul>\n<li>Des s\u00e9parations vitr\u00e9es au niveau des comptoirs d\u2019accueil,<\/li>\n<li>Trois salles de pr\u00e9l\u00e8vements individuelles.<\/li>\n<li>Deux salles d\u2019attentes ind\u00e9pendantes.<\/li>\n<li>Le personnel ainsi que les intervenants externes s\u2019engagent, par \u00e9crit, \u00e0 respecter la confidentialit\u00e9 et le secret m\u00e9dical du LBM.<\/li>\n<li>Les serveurs informatiques sont prot\u00e9g\u00e9s contre toute intrusion physique ou informatique.<\/li>\n<\/ul>\n<p><\/p>\n\t\t\t\t<\/div>\n           <\/li>\n\t\t\t\n\t\t\t<li>\n\t\t\t\t<div class=\"handle\"><span><i><\/i><\/span><a href=\"#\">Conseils pratiques<\/a><\/div>\n\t\t\t\t<div class=\"panel loading\">\n\t\t\t\t\t<p>Pour vous aider \u00e0 comprendre la signification de vos analyses de biologie m\u00e9dicale, voici des sites \u00e0 consulter pour vous apporter quelques \u00e9claircissements.<\/p>\n<p>Attention, ceci n est qu\u2019un commentaire sommaire, seul votre M\u00e9decin prescripteur est habilet\u00e9 \u00e0 apporter l\u2019interpr\u00e9tation ad\u00e9quate en tenant compte des autres \u00e9l\u00e9ments de votre \u00e9tat de sant\u00e9.<\/p>\n<p><a href=\"http:\/\/www.labtestsonline.fr\/\" target=\"_blank\" rel=\"noopener\">http:\/\/www.labtestsonline.fr<\/a><\/p>\n<p><\/p>\n\t\t\t\t<\/div>\n           <\/li>\n\t\t\t\n\t\t\t<li>\n\t\t\t\t<div class=\"handle\"><span><i><\/i><\/span><a href=\"#\">Satisfaction \/ R\u00e9clamation<\/a><\/div>\n\t\t\t\t<div class=\"panel loading\">\n\t\t\t\t\t<p><\/span>Dans le cadre de notre politique g\u00e9n\u00e9rale de management qualit\u00e9, nous nous devons de satisfaire nos patients\u00a0;<\/p>\n<p>Afin d\u2019identifier vos attentes, le Laboratoire de Biologie M\u00e9dicale\u00a0<span style=\"color: #0e9a3c;\">HARGUIL\u00a0<\/span>met \u00e0 votre disposition un formulaire en ligne pour nous faire part de vos satisfaction\/r\u00e9clamation\u00a0;<\/p>\n<p>Nous vous garantissons le traitement rapide de vos r\u00e9clamations par la mise en \u0153uvre\u00a0 des moyens requis \u00e0 l\u2019am\u00e9lioration de la qualit\u00e9 de notre service.<\/p>\n<h2>QUESTIONNAIRE<\/h2>\n<h6>( En cours de cr\u00e9ation )<\/h6>\n<p><\/p>\n\t\t\t\t<\/div>\n           <\/li><\/ul>\n\t\t<script type=\"text\/javascript\">\n\t\tjQuery(document).ready(function() {\n\t\t\tjQuery(\"#accordion3495\").accordion({\n\t\t\t\thandle: \".handle\", \/\/ Default: \"h3\"\n\t\t\t\tpanel: \".panel\", \/\/ Default: \".panel\"\n\t\t\t\tspeed: 500, \/\/ Default: 200\n\t\t\t\teasing: \"easeInOutQuad\", \/\/ Default \"swing\"\n\t\t\t\tcanOpenMultiple: false, \/\/ Default: false\n\t\t\t\tcanToggle: false, \/\/ Default: false\n\t\t\t\tactiveClassPanel: \"open\", \/\/ Default: \"open\"\n\t\t\t\tactiveClassLi: \"active\", \/\/ Default: \"active\"\n\t\t\t\tlockedClass: \"locked\", \/\/ Default: \"locked\"\n\t\t\t\tloadingClass: \"loading\" \/\/ Default: \"loading\"\n\t\t\t});\n\t\t});\n\t\t<\/script>\n\t\t\n","protected":false},"excerpt":{"rendered":"","protected":false},"author":1,"featured_media":0,"parent":0,"menu_order":0,"comment_status":"open","ping_status":"closed","template":"","meta":{"footnotes":""},"class_list":["post-4035","page","type-page","status-publish","hentry"],"aioseo_notices":[],"yoast_head":"<!-- This site is optimized with the Yoast SEO plugin v25.8 - https:\/\/yoast.com\/wordpress\/plugins\/seo\/ -->\n<title>\u0641\u0636\u0627\u0621 \u0627\u0644\u0632\u0648\u0627\u0631 - Laboratoire Harguil<\/title>\n<meta name=\"robots\" content=\"index, follow, max-snippet:-1, max-image-preview:large, max-video-preview:-1\" \/>\n<link rel=\"canonical\" href=\"https:\/\/laboratoire-harguil.com\/ar\/espace-patient\/\" \/>\n<meta property=\"og:locale\" content=\"ar_AR\" \/>\n<meta property=\"og:type\" content=\"article\" \/>\n<meta property=\"og:title\" content=\"\u0641\u0636\u0627\u0621 \u0627\u0644\u0632\u0648\u0627\u0631 - Laboratoire Harguil\" \/>\n<meta property=\"og:url\" content=\"https:\/\/laboratoire-harguil.com\/ar\/espace-patient\/\" \/>\n<meta property=\"og:site_name\" content=\"Laboratoire Harguil\" \/>\n<meta property=\"article:modified_time\" content=\"2015-08-29T09:23:40+00:00\" \/>\n<meta name=\"twitter:card\" content=\"summary_large_image\" \/>\n<meta name=\"twitter:label1\" content=\"\u0648\u0642\u062a \u0627\u0644\u0642\u0631\u0627\u0621\u0629 \u0627\u0644\u0645\u064f\u0642\u062f\u0651\u0631\" \/>\n\t<meta name=\"twitter:data1\" content=\"6 \u062f\u0642\u0627\u0626\u0642\" \/>\n<script type=\"application\/ld+json\" class=\"yoast-schema-graph\">{\"@context\":\"https:\/\/schema.org\",\"@graph\":[{\"@type\":\"WebPage\",\"@id\":\"https:\/\/laboratoire-harguil.com\/ar\/espace-patient\/\",\"url\":\"https:\/\/laboratoire-harguil.com\/ar\/espace-patient\/\",\"name\":\"\u0641\u0636\u0627\u0621 \u0627\u0644\u0632\u0648\u0627\u0631 - Laboratoire Harguil\",\"isPartOf\":{\"@id\":\"https:\/\/laboratoire-harguil.com\/#website\"},\"datePublished\":\"2014-01-22T10:32:22+00:00\",\"dateModified\":\"2015-08-29T09:23:40+00:00\",\"breadcrumb\":{\"@id\":\"https:\/\/laboratoire-harguil.com\/ar\/espace-patient\/#breadcrumb\"},\"inLanguage\":\"ar\",\"potentialAction\":[{\"@type\":\"ReadAction\",\"target\":[\"https:\/\/laboratoire-harguil.com\/ar\/espace-patient\/\"]}]},{\"@type\":\"BreadcrumbList\",\"@id\":\"https:\/\/laboratoire-harguil.com\/ar\/espace-patient\/#breadcrumb\",\"itemListElement\":[{\"@type\":\"ListItem\",\"position\":1,\"name\":\"Accueil\",\"item\":\"https:\/\/laboratoire-harguil.com\/ar\/variation-1\/\"},{\"@type\":\"ListItem\",\"position\":2,\"name\":\"\u0641\u0636\u0627\u0621 \u0627\u0644\u0632\u0648\u0627\u0631\"}]},{\"@type\":\"WebSite\",\"@id\":\"https:\/\/laboratoire-harguil.com\/#website\",\"url\":\"https:\/\/laboratoire-harguil.com\/\",\"name\":\"Laboratoire Harguil\",\"description\":\"Laboratoire d&#039;analyses m\u00e9dicales\",\"publisher\":{\"@id\":\"https:\/\/laboratoire-harguil.com\/#organization\"},\"potentialAction\":[{\"@type\":\"SearchAction\",\"target\":{\"@type\":\"EntryPoint\",\"urlTemplate\":\"https:\/\/laboratoire-harguil.com\/?s={search_term_string}\"},\"query-input\":{\"@type\":\"PropertyValueSpecification\",\"valueRequired\":true,\"valueName\":\"search_term_string\"}}],\"inLanguage\":\"ar\"},{\"@type\":\"Organization\",\"@id\":\"https:\/\/laboratoire-harguil.com\/#organization\",\"name\":\"Laboratoire Harguil\",\"url\":\"https:\/\/laboratoire-harguil.com\/\",\"logo\":{\"@type\":\"ImageObject\",\"inLanguage\":\"ar\",\"@id\":\"https:\/\/laboratoire-harguil.com\/#\/schema\/logo\/image\/\",\"url\":\"https:\/\/laboratoire-harguil.com\/wp-content\/uploads\/2014\/03\/logo.png\",\"contentUrl\":\"https:\/\/laboratoire-harguil.com\/wp-content\/uploads\/2014\/03\/logo.png\",\"width\":206,\"height\":142,\"caption\":\"Laboratoire Harguil\"},\"image\":{\"@id\":\"https:\/\/laboratoire-harguil.com\/#\/schema\/logo\/image\/\"}}]}<\/script>\n<!-- \/ Yoast SEO plugin. -->","yoast_head_json":{"title":"\u0641\u0636\u0627\u0621 \u0627\u0644\u0632\u0648\u0627\u0631 - Laboratoire Harguil","robots":{"index":"index","follow":"follow","max-snippet":"max-snippet:-1","max-image-preview":"max-image-preview:large","max-video-preview":"max-video-preview:-1"},"canonical":"https:\/\/laboratoire-harguil.com\/ar\/espace-patient\/","og_locale":"ar_AR","og_type":"article","og_title":"\u0641\u0636\u0627\u0621 \u0627\u0644\u0632\u0648\u0627\u0631 - Laboratoire Harguil","og_url":"https:\/\/laboratoire-harguil.com\/ar\/espace-patient\/","og_site_name":"Laboratoire Harguil","article_modified_time":"2015-08-29T09:23:40+00:00","twitter_card":"summary_large_image","twitter_misc":{"\u0648\u0642\u062a \u0627\u0644\u0642\u0631\u0627\u0621\u0629 \u0627\u0644\u0645\u064f\u0642\u062f\u0651\u0631":"6 \u062f\u0642\u0627\u0626\u0642"},"schema":{"@context":"https:\/\/schema.org","@graph":[{"@type":"WebPage","@id":"https:\/\/laboratoire-harguil.com\/ar\/espace-patient\/","url":"https:\/\/laboratoire-harguil.com\/ar\/espace-patient\/","name":"\u0641\u0636\u0627\u0621 \u0627\u0644\u0632\u0648\u0627\u0631 - Laboratoire Harguil","isPartOf":{"@id":"https:\/\/laboratoire-harguil.com\/#website"},"datePublished":"2014-01-22T10:32:22+00:00","dateModified":"2015-08-29T09:23:40+00:00","breadcrumb":{"@id":"https:\/\/laboratoire-harguil.com\/ar\/espace-patient\/#breadcrumb"},"inLanguage":"ar","potentialAction":[{"@type":"ReadAction","target":["https:\/\/laboratoire-harguil.com\/ar\/espace-patient\/"]}]},{"@type":"BreadcrumbList","@id":"https:\/\/laboratoire-harguil.com\/ar\/espace-patient\/#breadcrumb","itemListElement":[{"@type":"ListItem","position":1,"name":"Accueil","item":"https:\/\/laboratoire-harguil.com\/ar\/variation-1\/"},{"@type":"ListItem","position":2,"name":"\u0641\u0636\u0627\u0621 \u0627\u0644\u0632\u0648\u0627\u0631"}]},{"@type":"WebSite","@id":"https:\/\/laboratoire-harguil.com\/#website","url":"https:\/\/laboratoire-harguil.com\/","name":"Laboratoire Harguil","description":"Laboratoire d&#039;analyses m\u00e9dicales","publisher":{"@id":"https:\/\/laboratoire-harguil.com\/#organization"},"potentialAction":[{"@type":"SearchAction","target":{"@type":"EntryPoint","urlTemplate":"https:\/\/laboratoire-harguil.com\/?s={search_term_string}"},"query-input":{"@type":"PropertyValueSpecification","valueRequired":true,"valueName":"search_term_string"}}],"inLanguage":"ar"},{"@type":"Organization","@id":"https:\/\/laboratoire-harguil.com\/#organization","name":"Laboratoire Harguil","url":"https:\/\/laboratoire-harguil.com\/","logo":{"@type":"ImageObject","inLanguage":"ar","@id":"https:\/\/laboratoire-harguil.com\/#\/schema\/logo\/image\/","url":"https:\/\/laboratoire-harguil.com\/wp-content\/uploads\/2014\/03\/logo.png","contentUrl":"https:\/\/laboratoire-harguil.com\/wp-content\/uploads\/2014\/03\/logo.png","width":206,"height":142,"caption":"Laboratoire Harguil"},"image":{"@id":"https:\/\/laboratoire-harguil.com\/#\/schema\/logo\/image\/"}}]}},"_links":{"self":[{"href":"https:\/\/laboratoire-harguil.com\/ar\/wp-json\/wp\/v2\/pages\/4035","targetHints":{"allow":["GET"]}}],"collection":[{"href":"https:\/\/laboratoire-harguil.com\/ar\/wp-json\/wp\/v2\/pages"}],"about":[{"href":"https:\/\/laboratoire-harguil.com\/ar\/wp-json\/wp\/v2\/types\/page"}],"author":[{"embeddable":true,"href":"https:\/\/laboratoire-harguil.com\/ar\/wp-json\/wp\/v2\/users\/1"}],"replies":[{"embeddable":true,"href":"https:\/\/laboratoire-harguil.com\/ar\/wp-json\/wp\/v2\/comments?post=4035"}],"version-history":[{"count":2,"href":"https:\/\/laboratoire-harguil.com\/ar\/wp-json\/wp\/v2\/pages\/4035\/revisions"}],"predecessor-version":[{"id":4116,"href":"https:\/\/laboratoire-harguil.com\/ar\/wp-json\/wp\/v2\/pages\/4035\/revisions\/4116"}],"wp:attachment":[{"href":"https:\/\/laboratoire-harguil.com\/ar\/wp-json\/wp\/v2\/media?parent=4035"}],"curies":[{"name":"wp","href":"https:\/\/api.w.org\/{rel}","templated":true}]}}